{"id":53690,"date":"2025-04-16T16:03:12","date_gmt":"2025-04-16T14:03:12","guid":{"rendered":"https:\/\/www.baggio1920.com\/?post_type=product&#038;p=53690"},"modified":"2025-11-07T10:05:05","modified_gmt":"2025-11-07T09:05:05","slug":"ciondolo-melograno-oro-rosa-rubini","status":"publish","type":"product","link":"https:\/\/www.baggio1920.com\/en\/prodotto\/ciondolo-melograno-oro-rosa-rubini\/","title":{"rendered":"Ciondolo Melagrana Oro Rosa &#038; Rubini"},"content":{"rendered":"<p>Rotondo e prezioso, custode di antiche tradizioni. I suoi chicchi rossi brillanti nascondono una promessa di prosperit\u00e0. Romperlo a Capodanno attira fortuna e abbondanza. Simbolo di buon auspicio, \u00e8 un invito a coltivare la felicit\u00e0! &#8220;Concentrato di Good Vibes&#8221;.<\/p>\n","protected":false},"excerpt":{"rendered":"<p>Ciondolo Melograno in oro rosa 9K con rubini (ct 0.08).<\/p>\n","protected":false},"featured_media":53691,"template":"","meta":{"_acf_changed":false,"inline_featured_image":false},"product_brand":[],"product_cat":[153,80],"product_tag":[1878,2333,2042,2267],"giftcard-category":[],"class_list":{"0":"post-53690","1":"product","2":"type-product","3":"status-publish","4":"has-post-thumbnail","6":"product_cat-ciondoli-e-componenti","7":"product_cat-gioielli","8":"product_tag-charms","9":"product_tag-gift","10":"product_tag-lucky","11":"product_tag-oro-rosa-9","12":"brand-gioielleria","13":"brand-dodo","15":"first","16":"instock","17":"shipping-taxable","18":"purchasable","19":"product-type-simple","20":"add-to-wishlist-before_image"},"acf":[],"yoast_head":"<!-- This site is optimized with the Yoast SEO plugin v27.4 - https:\/\/yoast.com\/product\/yoast-seo-wordpress\/ -->\n<title>DoDO | Ciondolo Melagrana Oro Rosa &amp; Rubini - Baggio 1920<\/title>\n<meta name=\"description\" content=\"Rotondo e prezioso, custode di antiche tradizioni. I suoi chicchi rossi brillanti nascondono una promessa di prosperit\u00e0. Romperlo a Capodanno attira fortuna e abbondanza. Simbolo di buon auspicio, \u00e8 un invito a coltivare la felicit\u00e0! &quot;Concentrato di Good Vibes&quot;.\" \/>\n<meta name=\"robots\" content=\"index, follow, max-snippet:-1, max-image-preview:large, max-video-preview:-1\" \/>\n<link rel=\"canonical\" href=\"https:\/\/www.baggio1920.com\/prodotto\/ciondolo-melograno-oro-rosa-rubini\/\" \/>\n<meta property=\"og:locale\" content=\"en_US\" \/>\n<meta property=\"og:type\" content=\"article\" \/>\n<meta property=\"og:title\" content=\"DoDO | Ciondolo Melagrana Oro Rosa &amp; Rubini - Baggio 1920\" \/>\n<meta property=\"og:description\" content=\"Rotondo e prezioso, custode di antiche tradizioni. I suoi chicchi rossi brillanti nascondono una promessa di prosperit\u00e0. Romperlo a Capodanno attira fortuna e abbondanza. Simbolo di buon auspicio, \u00e8 un invito a coltivare la felicit\u00e0! &quot;Concentrato di Good Vibes&quot;.\" \/>\n<meta property=\"og:url\" content=\"https:\/\/www.baggio1920.com\/prodotto\/ciondolo-melograno-oro-rosa-rubini\/\" \/>\n<meta property=\"og:site_name\" content=\"Baggio 1920\" \/>\n<meta property=\"article:publisher\" content=\"https:\/\/www.facebook.com\/Baggio1920\" \/>\n<meta property=\"article:modified_time\" content=\"2025-11-07T09:05:05+00:00\" \/>\n<meta property=\"og:image\" content=\"https:\/\/www.baggio1920.com\/wp-content\/uploads\/2025\/04\/DMC5006_POMEG_RY09R_010.png\" \/>\n\t<meta property=\"og:image:width\" content=\"3000\" \/>\n\t<meta property=\"og:image:height\" content=\"3000\" \/>\n\t<meta property=\"og:image:type\" content=\"image\/png\" \/>\n<meta name=\"twitter:card\" content=\"summary_large_image\" \/>\n<meta name=\"twitter:label1\" content=\"Est. reading time\" \/>\n\t<meta name=\"twitter:data1\" content=\"1 minute\" \/>\n<script type=\"application\/ld+json\" class=\"yoast-schema-graph\">{\"@context\":\"https:\\\/\\\/schema.org\",\"@graph\":[{\"@type\":\"WebPage\",\"@id\":\"https:\\\/\\\/www.baggio1920.com\\\/prodotto\\\/ciondolo-melograno-oro-rosa-rubini\\\/\",\"url\":\"https:\\\/\\\/www.baggio1920.com\\\/prodotto\\\/ciondolo-melograno-oro-rosa-rubini\\\/\",\"name\":\"DoDO | Ciondolo Melagrana Oro Rosa & Rubini - Baggio 1920\",\"isPartOf\":{\"@id\":\"https:\\\/\\\/www.baggio1920.com\\\/#website\"},\"primaryImageOfPage\":{\"@id\":\"https:\\\/\\\/www.baggio1920.com\\\/prodotto\\\/ciondolo-melograno-oro-rosa-rubini\\\/#primaryimage\"},\"image\":{\"@id\":\"https:\\\/\\\/www.baggio1920.com\\\/prodotto\\\/ciondolo-melograno-oro-rosa-rubini\\\/#primaryimage\"},\"thumbnailUrl\":\"https:\\\/\\\/www.baggio1920.com\\\/wp-content\\\/uploads\\\/2025\\\/04\\\/DMC5006_POMEG_RY09R_010.png\",\"datePublished\":\"2025-04-16T14:03:12+00:00\",\"dateModified\":\"2025-11-07T09:05:05+00:00\",\"description\":\"Rotondo e prezioso, custode di antiche tradizioni. I suoi chicchi rossi brillanti nascondono una promessa di prosperit\u00e0. Romperlo a Capodanno attira fortuna e abbondanza. Simbolo di buon auspicio, \u00e8 un invito a coltivare la felicit\u00e0! \\\"Concentrato di Good Vibes\\\".\",\"breadcrumb\":{\"@id\":\"https:\\\/\\\/www.baggio1920.com\\\/prodotto\\\/ciondolo-melograno-oro-rosa-rubini\\\/#breadcrumb\"},\"inLanguage\":\"en-US\",\"potentialAction\":[{\"@type\":\"ReadAction\",\"target\":[\"https:\\\/\\\/www.baggio1920.com\\\/prodotto\\\/ciondolo-melograno-oro-rosa-rubini\\\/\"]}]},{\"@type\":\"ImageObject\",\"inLanguage\":\"en-US\",\"@id\":\"https:\\\/\\\/www.baggio1920.com\\\/prodotto\\\/ciondolo-melograno-oro-rosa-rubini\\\/#primaryimage\",\"url\":\"https:\\\/\\\/www.baggio1920.com\\\/wp-content\\\/uploads\\\/2025\\\/04\\\/DMC5006_POMEG_RY09R_010.png\",\"contentUrl\":\"https:\\\/\\\/www.baggio1920.com\\\/wp-content\\\/uploads\\\/2025\\\/04\\\/DMC5006_POMEG_RY09R_010.png\",\"width\":3000,\"height\":3000},{\"@type\":\"BreadcrumbList\",\"@id\":\"https:\\\/\\\/www.baggio1920.com\\\/prodotto\\\/ciondolo-melograno-oro-rosa-rubini\\\/#breadcrumb\",\"itemListElement\":[{\"@type\":\"ListItem\",\"position\":1,\"name\":\"Home\",\"item\":\"https:\\\/\\\/www.baggio1920.com\\\/en\\\/\"},{\"@type\":\"ListItem\",\"position\":2,\"name\":\"Shop\",\"item\":\"https:\\\/\\\/www.baggio1920.com\\\/en\\\/shop-2\\\/\"},{\"@type\":\"ListItem\",\"position\":3,\"name\":\"Ciondolo Melagrana Oro Rosa &#038; Rubini\"}]},{\"@type\":\"WebSite\",\"@id\":\"https:\\\/\\\/www.baggio1920.com\\\/#website\",\"url\":\"https:\\\/\\\/www.baggio1920.com\\\/\",\"name\":\"Baggio 1920\",\"description\":\"\",\"publisher\":{\"@id\":\"https:\\\/\\\/www.baggio1920.com\\\/#organization\"},\"potentialAction\":[{\"@type\":\"SearchAction\",\"target\":{\"@type\":\"EntryPoint\",\"urlTemplate\":\"https:\\\/\\\/www.baggio1920.com\\\/?s={search_term_string}\"},\"query-input\":{\"@type\":\"PropertyValueSpecification\",\"valueRequired\":true,\"valueName\":\"search_term_string\"}}],\"inLanguage\":\"en-US\"},{\"@type\":\"Organization\",\"@id\":\"https:\\\/\\\/www.baggio1920.com\\\/#organization\",\"name\":\"Baggio 1920\",\"url\":\"https:\\\/\\\/www.baggio1920.com\\\/\",\"logo\":{\"@type\":\"ImageObject\",\"inLanguage\":\"en-US\",\"@id\":\"https:\\\/\\\/www.baggio1920.com\\\/#\\\/schema\\\/logo\\\/image\\\/\",\"url\":\"https:\\\/\\\/www.baggio1920.com\\\/wp-content\\\/uploads\\\/2021\\\/02\\\/cropped-logo-1.png\",\"contentUrl\":\"https:\\\/\\\/www.baggio1920.com\\\/wp-content\\\/uploads\\\/2021\\\/02\\\/cropped-logo-1.png\",\"width\":899,\"height\":435,\"caption\":\"Baggio 1920\"},\"image\":{\"@id\":\"https:\\\/\\\/www.baggio1920.com\\\/#\\\/schema\\\/logo\\\/image\\\/\"},\"sameAs\":[\"https:\\\/\\\/www.facebook.com\\\/Baggio1920\",\"https:\\\/\\\/www.instagram.com\\\/baggio_1920\\\/\"]}]}<\/script>\n<!-- \/ Yoast SEO plugin. -->","yoast_head_json":{"title":"DoDO | Ciondolo Melagrana Oro Rosa & Rubini - Baggio 1920","description":"Rotondo e prezioso, custode di antiche tradizioni. I suoi chicchi rossi brillanti nascondono una promessa di prosperit\u00e0. Romperlo a Capodanno attira fortuna e abbondanza. Simbolo di buon auspicio, \u00e8 un invito a coltivare la felicit\u00e0! \"Concentrato di Good Vibes\".","robots":{"index":"index","follow":"follow","max-snippet":"max-snippet:-1","max-image-preview":"max-image-preview:large","max-video-preview":"max-video-preview:-1"},"canonical":"https:\/\/www.baggio1920.com\/prodotto\/ciondolo-melograno-oro-rosa-rubini\/","og_locale":"en_US","og_type":"article","og_title":"DoDO | Ciondolo Melagrana Oro Rosa & Rubini - Baggio 1920","og_description":"Rotondo e prezioso, custode di antiche tradizioni. I suoi chicchi rossi brillanti nascondono una promessa di prosperit\u00e0. Romperlo a Capodanno attira fortuna e abbondanza. Simbolo di buon auspicio, \u00e8 un invito a coltivare la felicit\u00e0! \"Concentrato di Good Vibes\".","og_url":"https:\/\/www.baggio1920.com\/prodotto\/ciondolo-melograno-oro-rosa-rubini\/","og_site_name":"Baggio 1920","article_publisher":"https:\/\/www.facebook.com\/Baggio1920","article_modified_time":"2025-11-07T09:05:05+00:00","og_image":[{"width":3000,"height":3000,"url":"https:\/\/www.baggio1920.com\/wp-content\/uploads\/2025\/04\/DMC5006_POMEG_RY09R_010.png","type":"image\/png"}],"twitter_card":"summary_large_image","twitter_misc":{"Est. reading time":"1 minute"},"schema":{"@context":"https:\/\/schema.org","@graph":[{"@type":"WebPage","@id":"https:\/\/www.baggio1920.com\/prodotto\/ciondolo-melograno-oro-rosa-rubini\/","url":"https:\/\/www.baggio1920.com\/prodotto\/ciondolo-melograno-oro-rosa-rubini\/","name":"DoDO | Ciondolo Melagrana Oro Rosa & Rubini - Baggio 1920","isPartOf":{"@id":"https:\/\/www.baggio1920.com\/#website"},"primaryImageOfPage":{"@id":"https:\/\/www.baggio1920.com\/prodotto\/ciondolo-melograno-oro-rosa-rubini\/#primaryimage"},"image":{"@id":"https:\/\/www.baggio1920.com\/prodotto\/ciondolo-melograno-oro-rosa-rubini\/#primaryimage"},"thumbnailUrl":"https:\/\/www.baggio1920.com\/wp-content\/uploads\/2025\/04\/DMC5006_POMEG_RY09R_010.png","datePublished":"2025-04-16T14:03:12+00:00","dateModified":"2025-11-07T09:05:05+00:00","description":"Rotondo e prezioso, custode di antiche tradizioni. I suoi chicchi rossi brillanti nascondono una promessa di prosperit\u00e0. Romperlo a Capodanno attira fortuna e abbondanza. Simbolo di buon auspicio, \u00e8 un invito a coltivare la felicit\u00e0! \"Concentrato di Good Vibes\".","breadcrumb":{"@id":"https:\/\/www.baggio1920.com\/prodotto\/ciondolo-melograno-oro-rosa-rubini\/#breadcrumb"},"inLanguage":"en-US","potentialAction":[{"@type":"ReadAction","target":["https:\/\/www.baggio1920.com\/prodotto\/ciondolo-melograno-oro-rosa-rubini\/"]}]},{"@type":"ImageObject","inLanguage":"en-US","@id":"https:\/\/www.baggio1920.com\/prodotto\/ciondolo-melograno-oro-rosa-rubini\/#primaryimage","url":"https:\/\/www.baggio1920.com\/wp-content\/uploads\/2025\/04\/DMC5006_POMEG_RY09R_010.png","contentUrl":"https:\/\/www.baggio1920.com\/wp-content\/uploads\/2025\/04\/DMC5006_POMEG_RY09R_010.png","width":3000,"height":3000},{"@type":"BreadcrumbList","@id":"https:\/\/www.baggio1920.com\/prodotto\/ciondolo-melograno-oro-rosa-rubini\/#breadcrumb","itemListElement":[{"@type":"ListItem","position":1,"name":"Home","item":"https:\/\/www.baggio1920.com\/en\/"},{"@type":"ListItem","position":2,"name":"Shop","item":"https:\/\/www.baggio1920.com\/en\/shop-2\/"},{"@type":"ListItem","position":3,"name":"Ciondolo Melagrana Oro Rosa &#038; Rubini"}]},{"@type":"WebSite","@id":"https:\/\/www.baggio1920.com\/#website","url":"https:\/\/www.baggio1920.com\/","name":"Baggio 1920","description":"","publisher":{"@id":"https:\/\/www.baggio1920.com\/#organization"},"potentialAction":[{"@type":"SearchAction","target":{"@type":"EntryPoint","urlTemplate":"https:\/\/www.baggio1920.com\/?s={search_term_string}"},"query-input":{"@type":"PropertyValueSpecification","valueRequired":true,"valueName":"search_term_string"}}],"inLanguage":"en-US"},{"@type":"Organization","@id":"https:\/\/www.baggio1920.com\/#organization","name":"Baggio 1920","url":"https:\/\/www.baggio1920.com\/","logo":{"@type":"ImageObject","inLanguage":"en-US","@id":"https:\/\/www.baggio1920.com\/#\/schema\/logo\/image\/","url":"https:\/\/www.baggio1920.com\/wp-content\/uploads\/2021\/02\/cropped-logo-1.png","contentUrl":"https:\/\/www.baggio1920.com\/wp-content\/uploads\/2021\/02\/cropped-logo-1.png","width":899,"height":435,"caption":"Baggio 1920"},"image":{"@id":"https:\/\/www.baggio1920.com\/#\/schema\/logo\/image\/"},"sameAs":["https:\/\/www.facebook.com\/Baggio1920","https:\/\/www.instagram.com\/baggio_1920\/"]}]}},"_links":{"self":[{"href":"https:\/\/www.baggio1920.com\/en\/wp-json\/wp\/v2\/product\/53690","targetHints":{"allow":["GET"]}}],"collection":[{"href":"https:\/\/www.baggio1920.com\/en\/wp-json\/wp\/v2\/product"}],"about":[{"href":"https:\/\/www.baggio1920.com\/en\/wp-json\/wp\/v2\/types\/product"}],"wp:featuredmedia":[{"embeddable":true,"href":"https:\/\/www.baggio1920.com\/en\/wp-json\/wp\/v2\/media\/53691"}],"wp:attachment":[{"href":"https:\/\/www.baggio1920.com\/en\/wp-json\/wp\/v2\/media?parent=53690"}],"wp:term":[{"taxonomy":"product_brand","embeddable":true,"href":"https:\/\/www.baggio1920.com\/en\/wp-json\/wp\/v2\/product_brand?post=53690"},{"taxonomy":"product_cat","embeddable":true,"href":"https:\/\/www.baggio1920.com\/en\/wp-json\/wp\/v2\/product_cat?post=53690"},{"taxonomy":"product_tag","embeddable":true,"href":"https:\/\/www.baggio1920.com\/en\/wp-json\/wp\/v2\/product_tag?post=53690"},{"taxonomy":"giftcard-category","embeddable":true,"href":"https:\/\/www.baggio1920.com\/en\/wp-json\/wp\/v2\/giftcard-category?post=53690"}],"curies":[{"name":"wp","href":"https:\/\/api.w.org\/{rel}","templated":true}]}}