{"id":56328,"date":"2026-01-24T09:40:31","date_gmt":"2026-01-24T08:40:31","guid":{"rendered":"https:\/\/www.baggio1920.com\/?post_type=product&#038;p=56328"},"modified":"2026-01-24T09:40:31","modified_gmt":"2026-01-24T08:40:31","slug":"prx-25mm","status":"publish","type":"product","link":"https:\/\/www.baggio1920.com\/en\/prodotto\/prx-25mm\/","title":{"rendered":"PRX 25mm"},"content":{"rendered":"<p>Una combinazione perfetta di fascino anni &#8217;70 e design raffinato, il nuovo PRX 25mm \u00e8 un versatile pezzo forte. Questo modello \u00e8 un vero mix di artigianalit\u00e0 e innovazione. Alimentato da un affidabile movimento al quarzo con funzione EOL, offre la praticit\u00e0 di un orologio alimentato a batteria con una manutenzione minima. L&#8217;orologio \u00e8 dotato di un vetro zaffiro, una cassa in acciaio inossidabile 316L e resistenza all&#8217;acqua fino a 10 bar, garantendo resistenza per l&#8217;uso quotidiano. Il suo design estetico moderno-vintage alla moda lo rende un accessorio di spicco, mentre la sua fattura di alta qualit\u00e0 garantisce che rimarr\u00e0 sia alla moda che funzionale per gli anni a venire.<\/p>\n","protected":false},"excerpt":{"rendered":"<p>Cassa e vetro<br \/>\nLunghezza mm 25,00<br \/>\nLarghezza mm 25,00<br \/>\nSpessore 9,05<br \/>\nAnse 8.00<br \/>\nImpermeabile fino a 10 bar (100 metri\/330 piedi)<br \/>\nForma della cassa: a forma tonneau<br \/>\nCassa in acciaio inossidabile 316L<br \/>\nVetro zaffiro antigraffio con trattamento antiriflesso<\/p>\n<p>Movimento Svizzero, al quarzo<br \/>\nBatteria Renata 364<br \/>\nFunzioni EOL (indicatore fine carica batteria)<br \/>\nQuadrante HMSD (Ora, Minuto, Secondo, Data)<br \/>\nCalibro 7 3\/4&#8221;&#8217;<br \/>\nCalibro Diametro (mm) 17,2<\/p>\n","protected":false},"featured_media":56329,"template":"","meta":{"_acf_changed":false,"inline_featured_image":false},"product_brand":[],"product_cat":[81,93],"product_tag":[],"giftcard-category":[],"class_list":{"0":"post-56328","1":"product","2":"type-product","3":"status-publish","4":"has-post-thumbnail","6":"product_cat-orologi","7":"product_cat-orologi-da-donna","8":"brand-orologeria","9":"brand-tissot-2","11":"first","12":"instock","13":"shipping-taxable","14":"purchasable","15":"product-type-simple","16":"add-to-wishlist-before_image"},"acf":[],"yoast_head":"<!-- This site is optimized with the Yoast SEO plugin v27.4 - https:\/\/yoast.com\/product\/yoast-seo-wordpress\/ -->\n<title>Tissot | PRX 25mm - Baggio 1920<\/title>\n<meta name=\"description\" content=\"Una combinazione perfetta di fascino anni &#039;70 e design raffinato, il nuovo PRX 25mm \u00e8 un versatile pezzo forte. Questo modello \u00e8 un vero mix di artigianalit\u00e0 e innovazione.\" \/>\n<meta name=\"robots\" content=\"index, follow, max-snippet:-1, max-image-preview:large, max-video-preview:-1\" \/>\n<link rel=\"canonical\" href=\"https:\/\/www.baggio1920.com\/prodotto\/prx-25mm\/\" \/>\n<meta property=\"og:locale\" content=\"en_US\" \/>\n<meta property=\"og:type\" content=\"article\" \/>\n<meta property=\"og:title\" content=\"Tissot | PRX 25mm - Baggio 1920\" \/>\n<meta property=\"og:description\" content=\"Una combinazione perfetta di fascino anni &#039;70 e design raffinato, il nuovo PRX 25mm \u00e8 un versatile pezzo forte. Questo modello \u00e8 un vero mix di artigianalit\u00e0 e innovazione.\" \/>\n<meta property=\"og:url\" content=\"https:\/\/www.baggio1920.com\/prodotto\/prx-25mm\/\" \/>\n<meta property=\"og:site_name\" content=\"Baggio 1920\" \/>\n<meta property=\"article:publisher\" content=\"https:\/\/www.facebook.com\/Baggio1920\" \/>\n<meta property=\"og:image\" content=\"https:\/\/www.baggio1920.com\/wp-content\/uploads\/2026\/01\/d6983f83-a5b9-4d81-9f9c-6c39737b43c9_T137-010-11-111-00.webp\" \/>\n\t<meta property=\"og:image:width\" content=\"1680\" \/>\n\t<meta property=\"og:image:height\" content=\"1680\" \/>\n\t<meta property=\"og:image:type\" content=\"image\/webp\" \/>\n<meta name=\"twitter:card\" content=\"summary_large_image\" \/>\n<meta name=\"twitter:label1\" content=\"Est. reading time\" \/>\n\t<meta name=\"twitter:data1\" content=\"1 minute\" \/>\n<script type=\"application\/ld+json\" class=\"yoast-schema-graph\">{\"@context\":\"https:\\\/\\\/schema.org\",\"@graph\":[{\"@type\":\"WebPage\",\"@id\":\"https:\\\/\\\/www.baggio1920.com\\\/prodotto\\\/prx-25mm\\\/\",\"url\":\"https:\\\/\\\/www.baggio1920.com\\\/prodotto\\\/prx-25mm\\\/\",\"name\":\"Tissot | PRX 25mm - Baggio 1920\",\"isPartOf\":{\"@id\":\"https:\\\/\\\/www.baggio1920.com\\\/#website\"},\"primaryImageOfPage\":{\"@id\":\"https:\\\/\\\/www.baggio1920.com\\\/prodotto\\\/prx-25mm\\\/#primaryimage\"},\"image\":{\"@id\":\"https:\\\/\\\/www.baggio1920.com\\\/prodotto\\\/prx-25mm\\\/#primaryimage\"},\"thumbnailUrl\":\"https:\\\/\\\/www.baggio1920.com\\\/wp-content\\\/uploads\\\/2026\\\/01\\\/d6983f83-a5b9-4d81-9f9c-6c39737b43c9_T137-010-11-111-00.webp\",\"datePublished\":\"2026-01-24T08:40:31+00:00\",\"description\":\"Una combinazione perfetta di fascino anni '70 e design raffinato, il nuovo PRX 25mm \u00e8 un versatile pezzo forte. Questo modello \u00e8 un vero mix di artigianalit\u00e0 e innovazione.\",\"breadcrumb\":{\"@id\":\"https:\\\/\\\/www.baggio1920.com\\\/prodotto\\\/prx-25mm\\\/#breadcrumb\"},\"inLanguage\":\"en-US\",\"potentialAction\":[{\"@type\":\"ReadAction\",\"target\":[\"https:\\\/\\\/www.baggio1920.com\\\/prodotto\\\/prx-25mm\\\/\"]}]},{\"@type\":\"ImageObject\",\"inLanguage\":\"en-US\",\"@id\":\"https:\\\/\\\/www.baggio1920.com\\\/prodotto\\\/prx-25mm\\\/#primaryimage\",\"url\":\"https:\\\/\\\/www.baggio1920.com\\\/wp-content\\\/uploads\\\/2026\\\/01\\\/d6983f83-a5b9-4d81-9f9c-6c39737b43c9_T137-010-11-111-00.webp\",\"contentUrl\":\"https:\\\/\\\/www.baggio1920.com\\\/wp-content\\\/uploads\\\/2026\\\/01\\\/d6983f83-a5b9-4d81-9f9c-6c39737b43c9_T137-010-11-111-00.webp\",\"width\":1680,\"height\":1680},{\"@type\":\"BreadcrumbList\",\"@id\":\"https:\\\/\\\/www.baggio1920.com\\\/prodotto\\\/prx-25mm\\\/#breadcrumb\",\"itemListElement\":[{\"@type\":\"ListItem\",\"position\":1,\"name\":\"Home\",\"item\":\"https:\\\/\\\/www.baggio1920.com\\\/en\\\/\"},{\"@type\":\"ListItem\",\"position\":2,\"name\":\"Shop\",\"item\":\"https:\\\/\\\/www.baggio1920.com\\\/en\\\/shop-2\\\/\"},{\"@type\":\"ListItem\",\"position\":3,\"name\":\"PRX 25mm\"}]},{\"@type\":\"WebSite\",\"@id\":\"https:\\\/\\\/www.baggio1920.com\\\/#website\",\"url\":\"https:\\\/\\\/www.baggio1920.com\\\/\",\"name\":\"Baggio 1920\",\"description\":\"\",\"publisher\":{\"@id\":\"https:\\\/\\\/www.baggio1920.com\\\/#organization\"},\"potentialAction\":[{\"@type\":\"SearchAction\",\"target\":{\"@type\":\"EntryPoint\",\"urlTemplate\":\"https:\\\/\\\/www.baggio1920.com\\\/?s={search_term_string}\"},\"query-input\":{\"@type\":\"PropertyValueSpecification\",\"valueRequired\":true,\"valueName\":\"search_term_string\"}}],\"inLanguage\":\"en-US\"},{\"@type\":\"Organization\",\"@id\":\"https:\\\/\\\/www.baggio1920.com\\\/#organization\",\"name\":\"Baggio 1920\",\"url\":\"https:\\\/\\\/www.baggio1920.com\\\/\",\"logo\":{\"@type\":\"ImageObject\",\"inLanguage\":\"en-US\",\"@id\":\"https:\\\/\\\/www.baggio1920.com\\\/#\\\/schema\\\/logo\\\/image\\\/\",\"url\":\"https:\\\/\\\/www.baggio1920.com\\\/wp-content\\\/uploads\\\/2021\\\/02\\\/cropped-logo-1.png\",\"contentUrl\":\"https:\\\/\\\/www.baggio1920.com\\\/wp-content\\\/uploads\\\/2021\\\/02\\\/cropped-logo-1.png\",\"width\":899,\"height\":435,\"caption\":\"Baggio 1920\"},\"image\":{\"@id\":\"https:\\\/\\\/www.baggio1920.com\\\/#\\\/schema\\\/logo\\\/image\\\/\"},\"sameAs\":[\"https:\\\/\\\/www.facebook.com\\\/Baggio1920\",\"https:\\\/\\\/www.instagram.com\\\/baggio_1920\\\/\"]}]}<\/script>\n<!-- \/ Yoast SEO plugin. -->","yoast_head_json":{"title":"Tissot | PRX 25mm - Baggio 1920","description":"Una combinazione perfetta di fascino anni '70 e design raffinato, il nuovo PRX 25mm \u00e8 un versatile pezzo forte. Questo modello \u00e8 un vero mix di artigianalit\u00e0 e innovazione.","robots":{"index":"index","follow":"follow","max-snippet":"max-snippet:-1","max-image-preview":"max-image-preview:large","max-video-preview":"max-video-preview:-1"},"canonical":"https:\/\/www.baggio1920.com\/prodotto\/prx-25mm\/","og_locale":"en_US","og_type":"article","og_title":"Tissot | PRX 25mm - Baggio 1920","og_description":"Una combinazione perfetta di fascino anni '70 e design raffinato, il nuovo PRX 25mm \u00e8 un versatile pezzo forte. Questo modello \u00e8 un vero mix di artigianalit\u00e0 e innovazione.","og_url":"https:\/\/www.baggio1920.com\/prodotto\/prx-25mm\/","og_site_name":"Baggio 1920","article_publisher":"https:\/\/www.facebook.com\/Baggio1920","og_image":[{"width":1680,"height":1680,"url":"https:\/\/www.baggio1920.com\/wp-content\/uploads\/2026\/01\/d6983f83-a5b9-4d81-9f9c-6c39737b43c9_T137-010-11-111-00.webp","type":"image\/webp"}],"twitter_card":"summary_large_image","twitter_misc":{"Est. reading time":"1 minute"},"schema":{"@context":"https:\/\/schema.org","@graph":[{"@type":"WebPage","@id":"https:\/\/www.baggio1920.com\/prodotto\/prx-25mm\/","url":"https:\/\/www.baggio1920.com\/prodotto\/prx-25mm\/","name":"Tissot | PRX 25mm - Baggio 1920","isPartOf":{"@id":"https:\/\/www.baggio1920.com\/#website"},"primaryImageOfPage":{"@id":"https:\/\/www.baggio1920.com\/prodotto\/prx-25mm\/#primaryimage"},"image":{"@id":"https:\/\/www.baggio1920.com\/prodotto\/prx-25mm\/#primaryimage"},"thumbnailUrl":"https:\/\/www.baggio1920.com\/wp-content\/uploads\/2026\/01\/d6983f83-a5b9-4d81-9f9c-6c39737b43c9_T137-010-11-111-00.webp","datePublished":"2026-01-24T08:40:31+00:00","description":"Una combinazione perfetta di fascino anni '70 e design raffinato, il nuovo PRX 25mm \u00e8 un versatile pezzo forte. Questo modello \u00e8 un vero mix di artigianalit\u00e0 e innovazione.","breadcrumb":{"@id":"https:\/\/www.baggio1920.com\/prodotto\/prx-25mm\/#breadcrumb"},"inLanguage":"en-US","potentialAction":[{"@type":"ReadAction","target":["https:\/\/www.baggio1920.com\/prodotto\/prx-25mm\/"]}]},{"@type":"ImageObject","inLanguage":"en-US","@id":"https:\/\/www.baggio1920.com\/prodotto\/prx-25mm\/#primaryimage","url":"https:\/\/www.baggio1920.com\/wp-content\/uploads\/2026\/01\/d6983f83-a5b9-4d81-9f9c-6c39737b43c9_T137-010-11-111-00.webp","contentUrl":"https:\/\/www.baggio1920.com\/wp-content\/uploads\/2026\/01\/d6983f83-a5b9-4d81-9f9c-6c39737b43c9_T137-010-11-111-00.webp","width":1680,"height":1680},{"@type":"BreadcrumbList","@id":"https:\/\/www.baggio1920.com\/prodotto\/prx-25mm\/#breadcrumb","itemListElement":[{"@type":"ListItem","position":1,"name":"Home","item":"https:\/\/www.baggio1920.com\/en\/"},{"@type":"ListItem","position":2,"name":"Shop","item":"https:\/\/www.baggio1920.com\/en\/shop-2\/"},{"@type":"ListItem","position":3,"name":"PRX 25mm"}]},{"@type":"WebSite","@id":"https:\/\/www.baggio1920.com\/#website","url":"https:\/\/www.baggio1920.com\/","name":"Baggio 1920","description":"","publisher":{"@id":"https:\/\/www.baggio1920.com\/#organization"},"potentialAction":[{"@type":"SearchAction","target":{"@type":"EntryPoint","urlTemplate":"https:\/\/www.baggio1920.com\/?s={search_term_string}"},"query-input":{"@type":"PropertyValueSpecification","valueRequired":true,"valueName":"search_term_string"}}],"inLanguage":"en-US"},{"@type":"Organization","@id":"https:\/\/www.baggio1920.com\/#organization","name":"Baggio 1920","url":"https:\/\/www.baggio1920.com\/","logo":{"@type":"ImageObject","inLanguage":"en-US","@id":"https:\/\/www.baggio1920.com\/#\/schema\/logo\/image\/","url":"https:\/\/www.baggio1920.com\/wp-content\/uploads\/2021\/02\/cropped-logo-1.png","contentUrl":"https:\/\/www.baggio1920.com\/wp-content\/uploads\/2021\/02\/cropped-logo-1.png","width":899,"height":435,"caption":"Baggio 1920"},"image":{"@id":"https:\/\/www.baggio1920.com\/#\/schema\/logo\/image\/"},"sameAs":["https:\/\/www.facebook.com\/Baggio1920","https:\/\/www.instagram.com\/baggio_1920\/"]}]}},"_links":{"self":[{"href":"https:\/\/www.baggio1920.com\/en\/wp-json\/wp\/v2\/product\/56328","targetHints":{"allow":["GET"]}}],"collection":[{"href":"https:\/\/www.baggio1920.com\/en\/wp-json\/wp\/v2\/product"}],"about":[{"href":"https:\/\/www.baggio1920.com\/en\/wp-json\/wp\/v2\/types\/product"}],"wp:featuredmedia":[{"embeddable":true,"href":"https:\/\/www.baggio1920.com\/en\/wp-json\/wp\/v2\/media\/56329"}],"wp:attachment":[{"href":"https:\/\/www.baggio1920.com\/en\/wp-json\/wp\/v2\/media?parent=56328"}],"wp:term":[{"taxonomy":"product_brand","embeddable":true,"href":"https:\/\/www.baggio1920.com\/en\/wp-json\/wp\/v2\/product_brand?post=56328"},{"taxonomy":"product_cat","embeddable":true,"href":"https:\/\/www.baggio1920.com\/en\/wp-json\/wp\/v2\/product_cat?post=56328"},{"taxonomy":"product_tag","embeddable":true,"href":"https:\/\/www.baggio1920.com\/en\/wp-json\/wp\/v2\/product_tag?post=56328"},{"taxonomy":"giftcard-category","embeddable":true,"href":"https:\/\/www.baggio1920.com\/en\/wp-json\/wp\/v2\/giftcard-category?post=56328"}],"curies":[{"name":"wp","href":"https:\/\/api.w.org\/{rel}","templated":true}]}}