{"id":56345,"date":"2026-01-24T10:11:12","date_gmt":"2026-01-24T09:11:12","guid":{"rendered":"https:\/\/www.baggio1920.com\/?post_type=product&#038;p=56345"},"modified":"2026-01-24T10:11:12","modified_gmt":"2026-01-24T09:11:12","slug":"seastar-1000-38mm","status":"publish","type":"product","link":"https:\/\/www.baggio1920.com\/en\/prodotto\/seastar-1000-38mm\/","title":{"rendered":"Seastar 1000 &#8211; 38mm"},"content":{"rendered":"<p>Nato dall&#8217;eredit\u00e0 di Seastar, il nuovo Cronografo al quarzo 38 mm introduce una nuova espressione dell&#8217;identit\u00e0 della collezione, conferendo precisione al movimento e personalit\u00e0 a ogni variazione. La cassa in acciaio da 38 mm \u00e8 impermeabile fino a 30 bar (300 m) e offre prestazioni affidabili in un formato adatto a un&#8217;ampia gamma di polsi. Alimentato da un cronografo svizzero al quarzo, \u00e8 dotato di lunetta per gli sport acquatici, corona e fondello a vite e contatori cronografici per un cronometraggio preciso. Lancette e indici luminescenti assicurano la leggibilit\u00e0 in condizioni di scarsa illuminazione. Disponibile in diverse configurazioni, la collezione offre un&#8217;ampia variet\u00e0 di finiture e opzioni di cinturino per adattarsi a diversi stati d&#8217;animo e stili.<\/p>\n","protected":false},"excerpt":{"rendered":"<p>Lunghezza mm 38,00<br \/>\nLarghezza mm 38,00<br \/>\nSpessore 12,95<br \/>\nAnse 18.00<br \/>\nImpermeabile fino a 30 bar (300 metri\/1000 piedi)<br \/>\nForma della cassa: rotondo<br \/>\nCassa in acciaio inossidabile 316L<br \/>\nAnello della lunetta minerale, Lunetta anti rotazione, Corona e fondello a vite, Pulsanti a vite<br \/>\nVetro zaffiro antigraffio con trattamento antiriflesso su entrambi i lati<\/p>\n<p>Movimento Svizzero, al quarzo<br \/>\nBatteria Renata 394<br \/>\nFunzioni EOL (indicatore fine carica batteria), Contatori di 30 minuti e 1\/10 di secondo, Lancetta centrale del cronografo a 60 secondi, Funzioni ADD e SPLIT<br \/>\nCalibro 10 1\/2&#8221;&#8217;<br \/>\nCalibro Diametro (mm) 23,3<\/p>\n","protected":false},"featured_media":56346,"template":"","meta":{"_acf_changed":false,"inline_featured_image":false},"product_brand":[],"product_cat":[81,94],"product_tag":[],"giftcard-category":[],"class_list":{"0":"post-56345","1":"product","2":"type-product","3":"status-publish","4":"has-post-thumbnail","6":"product_cat-orologi","7":"product_cat-orologi-da-uomo","8":"brand-orologeria","9":"brand-tissot-2","11":"first","12":"instock","13":"shipping-taxable","14":"purchasable","15":"product-type-simple","16":"add-to-wishlist-before_image"},"acf":[],"yoast_head":"<!-- This site is optimized with the Yoast SEO plugin v27.4 - https:\/\/yoast.com\/product\/yoast-seo-wordpress\/ -->\n<title>Tissot | Seastar 1000 - 38mm - Baggio 1920<\/title>\n<meta name=\"description\" content=\"Nato dall&#039;eredit\u00e0 di Seastar, il nuovo Cronografo al quarzo 38 mm introduce una nuova espressione dell&#039;identit\u00e0 della collezione, conferendo precisione al movimento e personalit\u00e0 a ogni variazione.\" \/>\n<meta name=\"robots\" content=\"index, follow, max-snippet:-1, max-image-preview:large, max-video-preview:-1\" \/>\n<link rel=\"canonical\" href=\"https:\/\/www.baggio1920.com\/prodotto\/seastar-1000-38mm\/\" \/>\n<meta property=\"og:locale\" content=\"en_US\" \/>\n<meta property=\"og:type\" content=\"article\" \/>\n<meta property=\"og:title\" content=\"Tissot | Seastar 1000 - 38mm - Baggio 1920\" \/>\n<meta property=\"og:description\" content=\"Nato dall&#039;eredit\u00e0 di Seastar, il nuovo Cronografo al quarzo 38 mm introduce una nuova espressione dell&#039;identit\u00e0 della collezione, conferendo precisione al movimento e personalit\u00e0 a ogni variazione.\" \/>\n<meta property=\"og:url\" content=\"https:\/\/www.baggio1920.com\/prodotto\/seastar-1000-38mm\/\" \/>\n<meta property=\"og:site_name\" content=\"Baggio 1920\" \/>\n<meta property=\"article:publisher\" content=\"https:\/\/www.facebook.com\/Baggio1920\" \/>\n<meta property=\"og:image\" content=\"https:\/\/www.baggio1920.com\/wp-content\/uploads\/2026\/01\/6da1e325-a217-4438-adc4-ea9a773d10f6_T120-217-11-061-00.webp\" \/>\n\t<meta property=\"og:image:width\" content=\"1680\" \/>\n\t<meta property=\"og:image:height\" content=\"1680\" \/>\n\t<meta property=\"og:image:type\" content=\"image\/webp\" \/>\n<meta name=\"twitter:card\" content=\"summary_large_image\" \/>\n<meta name=\"twitter:label1\" content=\"Est. reading time\" \/>\n\t<meta name=\"twitter:data1\" content=\"1 minute\" \/>\n<script type=\"application\/ld+json\" class=\"yoast-schema-graph\">{\"@context\":\"https:\\\/\\\/schema.org\",\"@graph\":[{\"@type\":\"WebPage\",\"@id\":\"https:\\\/\\\/www.baggio1920.com\\\/prodotto\\\/seastar-1000-38mm\\\/\",\"url\":\"https:\\\/\\\/www.baggio1920.com\\\/prodotto\\\/seastar-1000-38mm\\\/\",\"name\":\"Tissot | Seastar 1000 - 38mm - Baggio 1920\",\"isPartOf\":{\"@id\":\"https:\\\/\\\/www.baggio1920.com\\\/#website\"},\"primaryImageOfPage\":{\"@id\":\"https:\\\/\\\/www.baggio1920.com\\\/prodotto\\\/seastar-1000-38mm\\\/#primaryimage\"},\"image\":{\"@id\":\"https:\\\/\\\/www.baggio1920.com\\\/prodotto\\\/seastar-1000-38mm\\\/#primaryimage\"},\"thumbnailUrl\":\"https:\\\/\\\/www.baggio1920.com\\\/wp-content\\\/uploads\\\/2026\\\/01\\\/6da1e325-a217-4438-adc4-ea9a773d10f6_T120-217-11-061-00.webp\",\"datePublished\":\"2026-01-24T09:11:12+00:00\",\"description\":\"Nato dall'eredit\u00e0 di Seastar, il nuovo Cronografo al quarzo 38 mm introduce una nuova espressione dell'identit\u00e0 della collezione, conferendo precisione al movimento e personalit\u00e0 a ogni variazione.\",\"breadcrumb\":{\"@id\":\"https:\\\/\\\/www.baggio1920.com\\\/prodotto\\\/seastar-1000-38mm\\\/#breadcrumb\"},\"inLanguage\":\"en-US\",\"potentialAction\":[{\"@type\":\"ReadAction\",\"target\":[\"https:\\\/\\\/www.baggio1920.com\\\/prodotto\\\/seastar-1000-38mm\\\/\"]}]},{\"@type\":\"ImageObject\",\"inLanguage\":\"en-US\",\"@id\":\"https:\\\/\\\/www.baggio1920.com\\\/prodotto\\\/seastar-1000-38mm\\\/#primaryimage\",\"url\":\"https:\\\/\\\/www.baggio1920.com\\\/wp-content\\\/uploads\\\/2026\\\/01\\\/6da1e325-a217-4438-adc4-ea9a773d10f6_T120-217-11-061-00.webp\",\"contentUrl\":\"https:\\\/\\\/www.baggio1920.com\\\/wp-content\\\/uploads\\\/2026\\\/01\\\/6da1e325-a217-4438-adc4-ea9a773d10f6_T120-217-11-061-00.webp\",\"width\":1680,\"height\":1680},{\"@type\":\"BreadcrumbList\",\"@id\":\"https:\\\/\\\/www.baggio1920.com\\\/prodotto\\\/seastar-1000-38mm\\\/#breadcrumb\",\"itemListElement\":[{\"@type\":\"ListItem\",\"position\":1,\"name\":\"Home\",\"item\":\"https:\\\/\\\/www.baggio1920.com\\\/en\\\/\"},{\"@type\":\"ListItem\",\"position\":2,\"name\":\"Shop\",\"item\":\"https:\\\/\\\/www.baggio1920.com\\\/en\\\/shop-2\\\/\"},{\"@type\":\"ListItem\",\"position\":3,\"name\":\"Seastar 1000 &#8211; 38mm\"}]},{\"@type\":\"WebSite\",\"@id\":\"https:\\\/\\\/www.baggio1920.com\\\/#website\",\"url\":\"https:\\\/\\\/www.baggio1920.com\\\/\",\"name\":\"Baggio 1920\",\"description\":\"\",\"publisher\":{\"@id\":\"https:\\\/\\\/www.baggio1920.com\\\/#organization\"},\"potentialAction\":[{\"@type\":\"SearchAction\",\"target\":{\"@type\":\"EntryPoint\",\"urlTemplate\":\"https:\\\/\\\/www.baggio1920.com\\\/?s={search_term_string}\"},\"query-input\":{\"@type\":\"PropertyValueSpecification\",\"valueRequired\":true,\"valueName\":\"search_term_string\"}}],\"inLanguage\":\"en-US\"},{\"@type\":\"Organization\",\"@id\":\"https:\\\/\\\/www.baggio1920.com\\\/#organization\",\"name\":\"Baggio 1920\",\"url\":\"https:\\\/\\\/www.baggio1920.com\\\/\",\"logo\":{\"@type\":\"ImageObject\",\"inLanguage\":\"en-US\",\"@id\":\"https:\\\/\\\/www.baggio1920.com\\\/#\\\/schema\\\/logo\\\/image\\\/\",\"url\":\"https:\\\/\\\/www.baggio1920.com\\\/wp-content\\\/uploads\\\/2021\\\/02\\\/cropped-logo-1.png\",\"contentUrl\":\"https:\\\/\\\/www.baggio1920.com\\\/wp-content\\\/uploads\\\/2021\\\/02\\\/cropped-logo-1.png\",\"width\":899,\"height\":435,\"caption\":\"Baggio 1920\"},\"image\":{\"@id\":\"https:\\\/\\\/www.baggio1920.com\\\/#\\\/schema\\\/logo\\\/image\\\/\"},\"sameAs\":[\"https:\\\/\\\/www.facebook.com\\\/Baggio1920\",\"https:\\\/\\\/www.instagram.com\\\/baggio_1920\\\/\"]}]}<\/script>\n<!-- \/ Yoast SEO plugin. -->","yoast_head_json":{"title":"Tissot | Seastar 1000 - 38mm - Baggio 1920","description":"Nato dall'eredit\u00e0 di Seastar, il nuovo Cronografo al quarzo 38 mm introduce una nuova espressione dell'identit\u00e0 della collezione, conferendo precisione al movimento e personalit\u00e0 a ogni variazione.","robots":{"index":"index","follow":"follow","max-snippet":"max-snippet:-1","max-image-preview":"max-image-preview:large","max-video-preview":"max-video-preview:-1"},"canonical":"https:\/\/www.baggio1920.com\/prodotto\/seastar-1000-38mm\/","og_locale":"en_US","og_type":"article","og_title":"Tissot | Seastar 1000 - 38mm - Baggio 1920","og_description":"Nato dall'eredit\u00e0 di Seastar, il nuovo Cronografo al quarzo 38 mm introduce una nuova espressione dell'identit\u00e0 della collezione, conferendo precisione al movimento e personalit\u00e0 a ogni variazione.","og_url":"https:\/\/www.baggio1920.com\/prodotto\/seastar-1000-38mm\/","og_site_name":"Baggio 1920","article_publisher":"https:\/\/www.facebook.com\/Baggio1920","og_image":[{"width":1680,"height":1680,"url":"https:\/\/www.baggio1920.com\/wp-content\/uploads\/2026\/01\/6da1e325-a217-4438-adc4-ea9a773d10f6_T120-217-11-061-00.webp","type":"image\/webp"}],"twitter_card":"summary_large_image","twitter_misc":{"Est. reading time":"1 minute"},"schema":{"@context":"https:\/\/schema.org","@graph":[{"@type":"WebPage","@id":"https:\/\/www.baggio1920.com\/prodotto\/seastar-1000-38mm\/","url":"https:\/\/www.baggio1920.com\/prodotto\/seastar-1000-38mm\/","name":"Tissot | Seastar 1000 - 38mm - Baggio 1920","isPartOf":{"@id":"https:\/\/www.baggio1920.com\/#website"},"primaryImageOfPage":{"@id":"https:\/\/www.baggio1920.com\/prodotto\/seastar-1000-38mm\/#primaryimage"},"image":{"@id":"https:\/\/www.baggio1920.com\/prodotto\/seastar-1000-38mm\/#primaryimage"},"thumbnailUrl":"https:\/\/www.baggio1920.com\/wp-content\/uploads\/2026\/01\/6da1e325-a217-4438-adc4-ea9a773d10f6_T120-217-11-061-00.webp","datePublished":"2026-01-24T09:11:12+00:00","description":"Nato dall'eredit\u00e0 di Seastar, il nuovo Cronografo al quarzo 38 mm introduce una nuova espressione dell'identit\u00e0 della collezione, conferendo precisione al movimento e personalit\u00e0 a ogni variazione.","breadcrumb":{"@id":"https:\/\/www.baggio1920.com\/prodotto\/seastar-1000-38mm\/#breadcrumb"},"inLanguage":"en-US","potentialAction":[{"@type":"ReadAction","target":["https:\/\/www.baggio1920.com\/prodotto\/seastar-1000-38mm\/"]}]},{"@type":"ImageObject","inLanguage":"en-US","@id":"https:\/\/www.baggio1920.com\/prodotto\/seastar-1000-38mm\/#primaryimage","url":"https:\/\/www.baggio1920.com\/wp-content\/uploads\/2026\/01\/6da1e325-a217-4438-adc4-ea9a773d10f6_T120-217-11-061-00.webp","contentUrl":"https:\/\/www.baggio1920.com\/wp-content\/uploads\/2026\/01\/6da1e325-a217-4438-adc4-ea9a773d10f6_T120-217-11-061-00.webp","width":1680,"height":1680},{"@type":"BreadcrumbList","@id":"https:\/\/www.baggio1920.com\/prodotto\/seastar-1000-38mm\/#breadcrumb","itemListElement":[{"@type":"ListItem","position":1,"name":"Home","item":"https:\/\/www.baggio1920.com\/en\/"},{"@type":"ListItem","position":2,"name":"Shop","item":"https:\/\/www.baggio1920.com\/en\/shop-2\/"},{"@type":"ListItem","position":3,"name":"Seastar 1000 &#8211; 38mm"}]},{"@type":"WebSite","@id":"https:\/\/www.baggio1920.com\/#website","url":"https:\/\/www.baggio1920.com\/","name":"Baggio 1920","description":"","publisher":{"@id":"https:\/\/www.baggio1920.com\/#organization"},"potentialAction":[{"@type":"SearchAction","target":{"@type":"EntryPoint","urlTemplate":"https:\/\/www.baggio1920.com\/?s={search_term_string}"},"query-input":{"@type":"PropertyValueSpecification","valueRequired":true,"valueName":"search_term_string"}}],"inLanguage":"en-US"},{"@type":"Organization","@id":"https:\/\/www.baggio1920.com\/#organization","name":"Baggio 1920","url":"https:\/\/www.baggio1920.com\/","logo":{"@type":"ImageObject","inLanguage":"en-US","@id":"https:\/\/www.baggio1920.com\/#\/schema\/logo\/image\/","url":"https:\/\/www.baggio1920.com\/wp-content\/uploads\/2021\/02\/cropped-logo-1.png","contentUrl":"https:\/\/www.baggio1920.com\/wp-content\/uploads\/2021\/02\/cropped-logo-1.png","width":899,"height":435,"caption":"Baggio 1920"},"image":{"@id":"https:\/\/www.baggio1920.com\/#\/schema\/logo\/image\/"},"sameAs":["https:\/\/www.facebook.com\/Baggio1920","https:\/\/www.instagram.com\/baggio_1920\/"]}]}},"_links":{"self":[{"href":"https:\/\/www.baggio1920.com\/en\/wp-json\/wp\/v2\/product\/56345","targetHints":{"allow":["GET"]}}],"collection":[{"href":"https:\/\/www.baggio1920.com\/en\/wp-json\/wp\/v2\/product"}],"about":[{"href":"https:\/\/www.baggio1920.com\/en\/wp-json\/wp\/v2\/types\/product"}],"wp:featuredmedia":[{"embeddable":true,"href":"https:\/\/www.baggio1920.com\/en\/wp-json\/wp\/v2\/media\/56346"}],"wp:attachment":[{"href":"https:\/\/www.baggio1920.com\/en\/wp-json\/wp\/v2\/media?parent=56345"}],"wp:term":[{"taxonomy":"product_brand","embeddable":true,"href":"https:\/\/www.baggio1920.com\/en\/wp-json\/wp\/v2\/product_brand?post=56345"},{"taxonomy":"product_cat","embeddable":true,"href":"https:\/\/www.baggio1920.com\/en\/wp-json\/wp\/v2\/product_cat?post=56345"},{"taxonomy":"product_tag","embeddable":true,"href":"https:\/\/www.baggio1920.com\/en\/wp-json\/wp\/v2\/product_tag?post=56345"},{"taxonomy":"giftcard-category","embeddable":true,"href":"https:\/\/www.baggio1920.com\/en\/wp-json\/wp\/v2\/giftcard-category?post=56345"}],"curies":[{"name":"wp","href":"https:\/\/api.w.org\/{rel}","templated":true}]}}