{"id":56355,"date":"2026-01-24T15:13:29","date_gmt":"2026-01-24T14:13:29","guid":{"rendered":"https:\/\/www.baggio1920.com\/?post_type=product&#038;p=56355"},"modified":"2026-01-24T15:46:26","modified_gmt":"2026-01-24T14:46:26","slug":"ocean-star-worldtimer","status":"publish","type":"product","link":"https:\/\/www.baggio1920.com\/en\/prodotto\/ocean-star-worldtimer\/","title":{"rendered":"Ocean Star Worldtimer"},"content":{"rendered":"<p>In rotta per il mondo! Il nuovo Ocean Star Worldtimer si ispira agli audaci codici stilistici degli anni &#8217;70 per esplorare meglio il mondo di oggi. Il suo quadrante espressivo combina accenti neri e rossi per una leggibilit\u00e0 ottimale, mentre la lunetta girevole mostra nomi di citt\u00e0 emblematiche per una lettura intuitiva di pi\u00f9 fusi orari. Il cinturino in stile Bund con strato inferiore rimovibile rafforza il carattere singolare di questo segnatempo progettato per i veri giramondo. Alimentato dal Calibro 80, offre fino a 80 ore di riserva di carica e una notevole precisione. Giorno, data, ora locale e ora mondiale: l&#8217;Ocean Star Worldtimer vi tiene perfettamente sincronizzati, ovunque andiate, con stile e sicurezza.<\/p>\n","protected":false},"excerpt":{"rendered":"<p>&#8211; Riserva di carica fino a 80 ore<br \/>\n&#8211; Impermeabilit\u00e0 fino a 200m \/ 20 bar<br \/>\n&#8211; Spirale in Nivachron\u2122<\/p>\n","protected":false},"featured_media":56356,"template":"","meta":{"_acf_changed":false,"inline_featured_image":false},"product_brand":[],"product_cat":[81,94],"product_tag":[],"giftcard-category":[],"class_list":{"0":"post-56355","1":"product","2":"type-product","3":"status-publish","4":"has-post-thumbnail","6":"product_cat-orologi","7":"product_cat-orologi-da-uomo","8":"brand-orologeria","9":"brand-mido","11":"first","12":"instock","13":"shipping-taxable","14":"purchasable","15":"product-type-simple","16":"add-to-wishlist-before_image"},"acf":[],"yoast_head":"<!-- This site is optimized with the Yoast SEO plugin v27.4 - https:\/\/yoast.com\/product\/yoast-seo-wordpress\/ -->\n<title>MIDO | Ocean Star Worldtimer - Baggio 1920<\/title>\n<meta name=\"description\" content=\"In rotta per il mondo! Il nuovo Ocean Star Worldtimer si ispira agli audaci codici stilistici degli anni &#039;70 per esplorare meglio il mondo di oggi.\" \/>\n<meta name=\"robots\" content=\"index, follow, max-snippet:-1, max-image-preview:large, max-video-preview:-1\" \/>\n<link rel=\"canonical\" href=\"https:\/\/www.baggio1920.com\/prodotto\/ocean-star-worldtimer\/\" \/>\n<meta property=\"og:locale\" content=\"en_US\" \/>\n<meta property=\"og:type\" content=\"article\" \/>\n<meta property=\"og:title\" content=\"MIDO | Ocean Star Worldtimer - Baggio 1920\" \/>\n<meta property=\"og:description\" content=\"In rotta per il mondo! Il nuovo Ocean Star Worldtimer si ispira agli audaci codici stilistici degli anni &#039;70 per esplorare meglio il mondo di oggi.\" \/>\n<meta property=\"og:url\" content=\"https:\/\/www.baggio1920.com\/prodotto\/ocean-star-worldtimer\/\" \/>\n<meta property=\"og:site_name\" content=\"Baggio 1920\" \/>\n<meta property=\"article:publisher\" content=\"https:\/\/www.facebook.com\/Baggio1920\" \/>\n<meta property=\"article:modified_time\" content=\"2026-01-24T14:46:26+00:00\" \/>\n<meta name=\"twitter:card\" content=\"summary_large_image\" \/>\n<meta name=\"twitter:label1\" content=\"Est. reading time\" \/>\n\t<meta name=\"twitter:data1\" content=\"1 minute\" \/>\n<script type=\"application\/ld+json\" class=\"yoast-schema-graph\">{\"@context\":\"https:\\\/\\\/schema.org\",\"@graph\":[{\"@type\":\"WebPage\",\"@id\":\"https:\\\/\\\/www.baggio1920.com\\\/prodotto\\\/ocean-star-worldtimer\\\/\",\"url\":\"https:\\\/\\\/www.baggio1920.com\\\/prodotto\\\/ocean-star-worldtimer\\\/\",\"name\":\"MIDO | Ocean Star Worldtimer - Baggio 1920\",\"isPartOf\":{\"@id\":\"https:\\\/\\\/www.baggio1920.com\\\/#website\"},\"primaryImageOfPage\":{\"@id\":\"https:\\\/\\\/www.baggio1920.com\\\/prodotto\\\/ocean-star-worldtimer\\\/#primaryimage\"},\"image\":{\"@id\":\"https:\\\/\\\/www.baggio1920.com\\\/prodotto\\\/ocean-star-worldtimer\\\/#primaryimage\"},\"thumbnailUrl\":\"https:\\\/\\\/www.baggio1920.com\\\/wp-content\\\/uploads\\\/2026\\\/01\\\/M026.830.16.030.00_0_front_1.avif\",\"datePublished\":\"2026-01-24T14:13:29+00:00\",\"dateModified\":\"2026-01-24T14:46:26+00:00\",\"description\":\"In rotta per il mondo! Il nuovo Ocean Star Worldtimer si ispira agli audaci codici stilistici degli anni '70 per esplorare meglio il mondo di oggi.\",\"breadcrumb\":{\"@id\":\"https:\\\/\\\/www.baggio1920.com\\\/prodotto\\\/ocean-star-worldtimer\\\/#breadcrumb\"},\"inLanguage\":\"en-US\",\"potentialAction\":[{\"@type\":\"ReadAction\",\"target\":[\"https:\\\/\\\/www.baggio1920.com\\\/prodotto\\\/ocean-star-worldtimer\\\/\"]}]},{\"@type\":\"ImageObject\",\"inLanguage\":\"en-US\",\"@id\":\"https:\\\/\\\/www.baggio1920.com\\\/prodotto\\\/ocean-star-worldtimer\\\/#primaryimage\",\"url\":\"https:\\\/\\\/www.baggio1920.com\\\/wp-content\\\/uploads\\\/2026\\\/01\\\/M026.830.16.030.00_0_front_1.avif\",\"contentUrl\":\"https:\\\/\\\/www.baggio1920.com\\\/wp-content\\\/uploads\\\/2026\\\/01\\\/M026.830.16.030.00_0_front_1.avif\",\"width\":1680,\"height\":1680},{\"@type\":\"BreadcrumbList\",\"@id\":\"https:\\\/\\\/www.baggio1920.com\\\/prodotto\\\/ocean-star-worldtimer\\\/#breadcrumb\",\"itemListElement\":[{\"@type\":\"ListItem\",\"position\":1,\"name\":\"Home\",\"item\":\"https:\\\/\\\/www.baggio1920.com\\\/en\\\/\"},{\"@type\":\"ListItem\",\"position\":2,\"name\":\"Shop\",\"item\":\"https:\\\/\\\/www.baggio1920.com\\\/en\\\/shop-2\\\/\"},{\"@type\":\"ListItem\",\"position\":3,\"name\":\"Ocean Star Worldtimer\"}]},{\"@type\":\"WebSite\",\"@id\":\"https:\\\/\\\/www.baggio1920.com\\\/#website\",\"url\":\"https:\\\/\\\/www.baggio1920.com\\\/\",\"name\":\"Baggio 1920\",\"description\":\"\",\"publisher\":{\"@id\":\"https:\\\/\\\/www.baggio1920.com\\\/#organization\"},\"potentialAction\":[{\"@type\":\"SearchAction\",\"target\":{\"@type\":\"EntryPoint\",\"urlTemplate\":\"https:\\\/\\\/www.baggio1920.com\\\/?s={search_term_string}\"},\"query-input\":{\"@type\":\"PropertyValueSpecification\",\"valueRequired\":true,\"valueName\":\"search_term_string\"}}],\"inLanguage\":\"en-US\"},{\"@type\":\"Organization\",\"@id\":\"https:\\\/\\\/www.baggio1920.com\\\/#organization\",\"name\":\"Baggio 1920\",\"url\":\"https:\\\/\\\/www.baggio1920.com\\\/\",\"logo\":{\"@type\":\"ImageObject\",\"inLanguage\":\"en-US\",\"@id\":\"https:\\\/\\\/www.baggio1920.com\\\/#\\\/schema\\\/logo\\\/image\\\/\",\"url\":\"https:\\\/\\\/www.baggio1920.com\\\/wp-content\\\/uploads\\\/2021\\\/02\\\/cropped-logo-1.png\",\"contentUrl\":\"https:\\\/\\\/www.baggio1920.com\\\/wp-content\\\/uploads\\\/2021\\\/02\\\/cropped-logo-1.png\",\"width\":899,\"height\":435,\"caption\":\"Baggio 1920\"},\"image\":{\"@id\":\"https:\\\/\\\/www.baggio1920.com\\\/#\\\/schema\\\/logo\\\/image\\\/\"},\"sameAs\":[\"https:\\\/\\\/www.facebook.com\\\/Baggio1920\",\"https:\\\/\\\/www.instagram.com\\\/baggio_1920\\\/\"]}]}<\/script>\n<!-- \/ Yoast SEO plugin. -->","yoast_head_json":{"title":"MIDO | Ocean Star Worldtimer - Baggio 1920","description":"In rotta per il mondo! Il nuovo Ocean Star Worldtimer si ispira agli audaci codici stilistici degli anni '70 per esplorare meglio il mondo di oggi.","robots":{"index":"index","follow":"follow","max-snippet":"max-snippet:-1","max-image-preview":"max-image-preview:large","max-video-preview":"max-video-preview:-1"},"canonical":"https:\/\/www.baggio1920.com\/prodotto\/ocean-star-worldtimer\/","og_locale":"en_US","og_type":"article","og_title":"MIDO | Ocean Star Worldtimer - Baggio 1920","og_description":"In rotta per il mondo! Il nuovo Ocean Star Worldtimer si ispira agli audaci codici stilistici degli anni '70 per esplorare meglio il mondo di oggi.","og_url":"https:\/\/www.baggio1920.com\/prodotto\/ocean-star-worldtimer\/","og_site_name":"Baggio 1920","article_publisher":"https:\/\/www.facebook.com\/Baggio1920","article_modified_time":"2026-01-24T14:46:26+00:00","twitter_card":"summary_large_image","twitter_misc":{"Est. reading time":"1 minute"},"schema":{"@context":"https:\/\/schema.org","@graph":[{"@type":"WebPage","@id":"https:\/\/www.baggio1920.com\/prodotto\/ocean-star-worldtimer\/","url":"https:\/\/www.baggio1920.com\/prodotto\/ocean-star-worldtimer\/","name":"MIDO | Ocean Star Worldtimer - Baggio 1920","isPartOf":{"@id":"https:\/\/www.baggio1920.com\/#website"},"primaryImageOfPage":{"@id":"https:\/\/www.baggio1920.com\/prodotto\/ocean-star-worldtimer\/#primaryimage"},"image":{"@id":"https:\/\/www.baggio1920.com\/prodotto\/ocean-star-worldtimer\/#primaryimage"},"thumbnailUrl":"https:\/\/www.baggio1920.com\/wp-content\/uploads\/2026\/01\/M026.830.16.030.00_0_front_1.avif","datePublished":"2026-01-24T14:13:29+00:00","dateModified":"2026-01-24T14:46:26+00:00","description":"In rotta per il mondo! Il nuovo Ocean Star Worldtimer si ispira agli audaci codici stilistici degli anni '70 per esplorare meglio il mondo di oggi.","breadcrumb":{"@id":"https:\/\/www.baggio1920.com\/prodotto\/ocean-star-worldtimer\/#breadcrumb"},"inLanguage":"en-US","potentialAction":[{"@type":"ReadAction","target":["https:\/\/www.baggio1920.com\/prodotto\/ocean-star-worldtimer\/"]}]},{"@type":"ImageObject","inLanguage":"en-US","@id":"https:\/\/www.baggio1920.com\/prodotto\/ocean-star-worldtimer\/#primaryimage","url":"https:\/\/www.baggio1920.com\/wp-content\/uploads\/2026\/01\/M026.830.16.030.00_0_front_1.avif","contentUrl":"https:\/\/www.baggio1920.com\/wp-content\/uploads\/2026\/01\/M026.830.16.030.00_0_front_1.avif","width":1680,"height":1680},{"@type":"BreadcrumbList","@id":"https:\/\/www.baggio1920.com\/prodotto\/ocean-star-worldtimer\/#breadcrumb","itemListElement":[{"@type":"ListItem","position":1,"name":"Home","item":"https:\/\/www.baggio1920.com\/en\/"},{"@type":"ListItem","position":2,"name":"Shop","item":"https:\/\/www.baggio1920.com\/en\/shop-2\/"},{"@type":"ListItem","position":3,"name":"Ocean Star Worldtimer"}]},{"@type":"WebSite","@id":"https:\/\/www.baggio1920.com\/#website","url":"https:\/\/www.baggio1920.com\/","name":"Baggio 1920","description":"","publisher":{"@id":"https:\/\/www.baggio1920.com\/#organization"},"potentialAction":[{"@type":"SearchAction","target":{"@type":"EntryPoint","urlTemplate":"https:\/\/www.baggio1920.com\/?s={search_term_string}"},"query-input":{"@type":"PropertyValueSpecification","valueRequired":true,"valueName":"search_term_string"}}],"inLanguage":"en-US"},{"@type":"Organization","@id":"https:\/\/www.baggio1920.com\/#organization","name":"Baggio 1920","url":"https:\/\/www.baggio1920.com\/","logo":{"@type":"ImageObject","inLanguage":"en-US","@id":"https:\/\/www.baggio1920.com\/#\/schema\/logo\/image\/","url":"https:\/\/www.baggio1920.com\/wp-content\/uploads\/2021\/02\/cropped-logo-1.png","contentUrl":"https:\/\/www.baggio1920.com\/wp-content\/uploads\/2021\/02\/cropped-logo-1.png","width":899,"height":435,"caption":"Baggio 1920"},"image":{"@id":"https:\/\/www.baggio1920.com\/#\/schema\/logo\/image\/"},"sameAs":["https:\/\/www.facebook.com\/Baggio1920","https:\/\/www.instagram.com\/baggio_1920\/"]}]}},"_links":{"self":[{"href":"https:\/\/www.baggio1920.com\/en\/wp-json\/wp\/v2\/product\/56355","targetHints":{"allow":["GET"]}}],"collection":[{"href":"https:\/\/www.baggio1920.com\/en\/wp-json\/wp\/v2\/product"}],"about":[{"href":"https:\/\/www.baggio1920.com\/en\/wp-json\/wp\/v2\/types\/product"}],"wp:featuredmedia":[{"embeddable":true,"href":"https:\/\/www.baggio1920.com\/en\/wp-json\/wp\/v2\/media\/56356"}],"wp:attachment":[{"href":"https:\/\/www.baggio1920.com\/en\/wp-json\/wp\/v2\/media?parent=56355"}],"wp:term":[{"taxonomy":"product_brand","embeddable":true,"href":"https:\/\/www.baggio1920.com\/en\/wp-json\/wp\/v2\/product_brand?post=56355"},{"taxonomy":"product_cat","embeddable":true,"href":"https:\/\/www.baggio1920.com\/en\/wp-json\/wp\/v2\/product_cat?post=56355"},{"taxonomy":"product_tag","embeddable":true,"href":"https:\/\/www.baggio1920.com\/en\/wp-json\/wp\/v2\/product_tag?post=56355"},{"taxonomy":"giftcard-category","embeddable":true,"href":"https:\/\/www.baggio1920.com\/en\/wp-json\/wp\/v2\/giftcard-category?post=56355"}],"curies":[{"name":"wp","href":"https:\/\/api.w.org\/{rel}","templated":true}]}}