{"id":56362,"date":"2026-01-24T15:24:22","date_gmt":"2026-01-24T14:24:22","guid":{"rendered":"https:\/\/www.baggio1920.com\/?post_type=product&#038;p=56362"},"modified":"2026-01-24T15:45:18","modified_gmt":"2026-01-24T14:45:18","slug":"multifort-chronometer-1-racer-edizione-speciale","status":"publish","type":"product","link":"https:\/\/www.baggio1920.com\/en\/prodotto\/multifort-chronometer-1-racer-edizione-speciale\/","title":{"rendered":"Multifort Chronometer 1 Racer &#8211; edizione speciale"},"content":{"rendered":"<p>Il design deciso dell&#8217;orologio Multifort Chronometer presenta le c\u00f4tes de Gen\u00e8ve specifiche della collezione. L&#8217;orologio sportivo \u00e8 dotato di un esclusivo movimento automatico Calibro 80, si  che \u00e8 arricchito da una spirale in silicio per una precisione e una resistenza ancora pi\u00f9 notevoli.<\/p>\n","protected":false},"excerpt":{"rendered":"<p>&#8211; 3 anni di garanzia aggiuntiva<br \/>\n&#8211; Riserva di carica fino a 80 ore<br \/>\n&#8211; Spirale in silicio<\/p>\n","protected":false},"featured_media":56363,"template":"","meta":{"_acf_changed":false,"inline_featured_image":false},"product_brand":[],"product_cat":[81,94],"product_tag":[],"giftcard-category":[],"class_list":{"0":"post-56362","1":"product","2":"type-product","3":"status-publish","4":"has-post-thumbnail","6":"product_cat-orologi","7":"product_cat-orologi-da-uomo","8":"brand-orologeria","9":"brand-mido","11":"first","12":"instock","13":"shipping-taxable","14":"purchasable","15":"product-type-simple","16":"add-to-wishlist-before_image"},"acf":[],"yoast_head":"<!-- This site is optimized with the Yoast SEO plugin v27.4 - https:\/\/yoast.com\/product\/yoast-seo-wordpress\/ -->\n<title>Mido | Multifort Chronometer 1 Racer - edizione speciale - Baggio 1920<\/title>\n<meta name=\"description\" content=\"Il design deciso dell&#039;orologio Multifort Chronometer presenta le c\u00f4tes de Gen\u00e8ve specifiche della collezione. L&#039;orologio sportivo \u00e8 dotato di un esclusivo movimento automatico Calibro 80 SI che \u00e8 arricchito da una spirale in silicio per una precisione e una resistenza ancora pi\u00f9 notevoli.\" \/>\n<meta name=\"robots\" content=\"index, follow, max-snippet:-1, max-image-preview:large, max-video-preview:-1\" \/>\n<link rel=\"canonical\" href=\"https:\/\/www.baggio1920.com\/prodotto\/multifort-chronometer-1-racer-edizione-speciale\/\" \/>\n<meta property=\"og:locale\" content=\"en_US\" \/>\n<meta property=\"og:type\" content=\"article\" \/>\n<meta property=\"og:title\" content=\"Mido | Multifort Chronometer 1 Racer - edizione speciale - Baggio 1920\" \/>\n<meta property=\"og:description\" content=\"Il design deciso dell&#039;orologio Multifort Chronometer presenta le c\u00f4tes de Gen\u00e8ve specifiche della collezione. L&#039;orologio sportivo \u00e8 dotato di un esclusivo movimento automatico Calibro 80 SI che \u00e8 arricchito da una spirale in silicio per una precisione e una resistenza ancora pi\u00f9 notevoli.\" \/>\n<meta property=\"og:url\" content=\"https:\/\/www.baggio1920.com\/prodotto\/multifort-chronometer-1-racer-edizione-speciale\/\" \/>\n<meta property=\"og:site_name\" content=\"Baggio 1920\" \/>\n<meta property=\"article:publisher\" content=\"https:\/\/www.facebook.com\/Baggio1920\" \/>\n<meta property=\"article:modified_time\" content=\"2026-01-24T14:45:18+00:00\" \/>\n<meta name=\"twitter:card\" content=\"summary_large_image\" \/>\n<meta name=\"twitter:label1\" content=\"Est. reading time\" \/>\n\t<meta name=\"twitter:data1\" content=\"1 minute\" \/>\n<script type=\"application\/ld+json\" class=\"yoast-schema-graph\">{\"@context\":\"https:\\\/\\\/schema.org\",\"@graph\":[{\"@type\":\"WebPage\",\"@id\":\"https:\\\/\\\/www.baggio1920.com\\\/prodotto\\\/multifort-chronometer-1-racer-edizione-speciale\\\/\",\"url\":\"https:\\\/\\\/www.baggio1920.com\\\/prodotto\\\/multifort-chronometer-1-racer-edizione-speciale\\\/\",\"name\":\"Mido | Multifort Chronometer 1 Racer - edizione speciale - Baggio 1920\",\"isPartOf\":{\"@id\":\"https:\\\/\\\/www.baggio1920.com\\\/#website\"},\"primaryImageOfPage\":{\"@id\":\"https:\\\/\\\/www.baggio1920.com\\\/prodotto\\\/multifort-chronometer-1-racer-edizione-speciale\\\/#primaryimage\"},\"image\":{\"@id\":\"https:\\\/\\\/www.baggio1920.com\\\/prodotto\\\/multifort-chronometer-1-racer-edizione-speciale\\\/#primaryimage\"},\"thumbnailUrl\":\"https:\\\/\\\/www.baggio1920.com\\\/wp-content\\\/uploads\\\/2026\\\/01\\\/M038.431.36.051.00_0_front_1.avif\",\"datePublished\":\"2026-01-24T14:24:22+00:00\",\"dateModified\":\"2026-01-24T14:45:18+00:00\",\"description\":\"Il design deciso dell'orologio Multifort Chronometer presenta le c\u00f4tes de Gen\u00e8ve specifiche della collezione. L'orologio sportivo \u00e8 dotato di un esclusivo movimento automatico Calibro 80 SI che \u00e8 arricchito da una spirale in silicio per una precisione e una resistenza ancora pi\u00f9 notevoli.\",\"breadcrumb\":{\"@id\":\"https:\\\/\\\/www.baggio1920.com\\\/prodotto\\\/multifort-chronometer-1-racer-edizione-speciale\\\/#breadcrumb\"},\"inLanguage\":\"en-US\",\"potentialAction\":[{\"@type\":\"ReadAction\",\"target\":[\"https:\\\/\\\/www.baggio1920.com\\\/prodotto\\\/multifort-chronometer-1-racer-edizione-speciale\\\/\"]}]},{\"@type\":\"ImageObject\",\"inLanguage\":\"en-US\",\"@id\":\"https:\\\/\\\/www.baggio1920.com\\\/prodotto\\\/multifort-chronometer-1-racer-edizione-speciale\\\/#primaryimage\",\"url\":\"https:\\\/\\\/www.baggio1920.com\\\/wp-content\\\/uploads\\\/2026\\\/01\\\/M038.431.36.051.00_0_front_1.avif\",\"contentUrl\":\"https:\\\/\\\/www.baggio1920.com\\\/wp-content\\\/uploads\\\/2026\\\/01\\\/M038.431.36.051.00_0_front_1.avif\",\"width\":1680,\"height\":1680},{\"@type\":\"BreadcrumbList\",\"@id\":\"https:\\\/\\\/www.baggio1920.com\\\/prodotto\\\/multifort-chronometer-1-racer-edizione-speciale\\\/#breadcrumb\",\"itemListElement\":[{\"@type\":\"ListItem\",\"position\":1,\"name\":\"Home\",\"item\":\"https:\\\/\\\/www.baggio1920.com\\\/en\\\/\"},{\"@type\":\"ListItem\",\"position\":2,\"name\":\"Shop\",\"item\":\"https:\\\/\\\/www.baggio1920.com\\\/en\\\/shop-2\\\/\"},{\"@type\":\"ListItem\",\"position\":3,\"name\":\"Multifort Chronometer 1 Racer &#8211; edizione speciale\"}]},{\"@type\":\"WebSite\",\"@id\":\"https:\\\/\\\/www.baggio1920.com\\\/#website\",\"url\":\"https:\\\/\\\/www.baggio1920.com\\\/\",\"name\":\"Baggio 1920\",\"description\":\"\",\"publisher\":{\"@id\":\"https:\\\/\\\/www.baggio1920.com\\\/#organization\"},\"potentialAction\":[{\"@type\":\"SearchAction\",\"target\":{\"@type\":\"EntryPoint\",\"urlTemplate\":\"https:\\\/\\\/www.baggio1920.com\\\/?s={search_term_string}\"},\"query-input\":{\"@type\":\"PropertyValueSpecification\",\"valueRequired\":true,\"valueName\":\"search_term_string\"}}],\"inLanguage\":\"en-US\"},{\"@type\":\"Organization\",\"@id\":\"https:\\\/\\\/www.baggio1920.com\\\/#organization\",\"name\":\"Baggio 1920\",\"url\":\"https:\\\/\\\/www.baggio1920.com\\\/\",\"logo\":{\"@type\":\"ImageObject\",\"inLanguage\":\"en-US\",\"@id\":\"https:\\\/\\\/www.baggio1920.com\\\/#\\\/schema\\\/logo\\\/image\\\/\",\"url\":\"https:\\\/\\\/www.baggio1920.com\\\/wp-content\\\/uploads\\\/2021\\\/02\\\/cropped-logo-1.png\",\"contentUrl\":\"https:\\\/\\\/www.baggio1920.com\\\/wp-content\\\/uploads\\\/2021\\\/02\\\/cropped-logo-1.png\",\"width\":899,\"height\":435,\"caption\":\"Baggio 1920\"},\"image\":{\"@id\":\"https:\\\/\\\/www.baggio1920.com\\\/#\\\/schema\\\/logo\\\/image\\\/\"},\"sameAs\":[\"https:\\\/\\\/www.facebook.com\\\/Baggio1920\",\"https:\\\/\\\/www.instagram.com\\\/baggio_1920\\\/\"]}]}<\/script>\n<!-- \/ Yoast SEO plugin. -->","yoast_head_json":{"title":"Mido | Multifort Chronometer 1 Racer - edizione speciale - Baggio 1920","description":"Il design deciso dell'orologio Multifort Chronometer presenta le c\u00f4tes de Gen\u00e8ve specifiche della collezione. L'orologio sportivo \u00e8 dotato di un esclusivo movimento automatico Calibro 80 SI che \u00e8 arricchito da una spirale in silicio per una precisione e una resistenza ancora pi\u00f9 notevoli.","robots":{"index":"index","follow":"follow","max-snippet":"max-snippet:-1","max-image-preview":"max-image-preview:large","max-video-preview":"max-video-preview:-1"},"canonical":"https:\/\/www.baggio1920.com\/prodotto\/multifort-chronometer-1-racer-edizione-speciale\/","og_locale":"en_US","og_type":"article","og_title":"Mido | Multifort Chronometer 1 Racer - edizione speciale - Baggio 1920","og_description":"Il design deciso dell'orologio Multifort Chronometer presenta le c\u00f4tes de Gen\u00e8ve specifiche della collezione. L'orologio sportivo \u00e8 dotato di un esclusivo movimento automatico Calibro 80 SI che \u00e8 arricchito da una spirale in silicio per una precisione e una resistenza ancora pi\u00f9 notevoli.","og_url":"https:\/\/www.baggio1920.com\/prodotto\/multifort-chronometer-1-racer-edizione-speciale\/","og_site_name":"Baggio 1920","article_publisher":"https:\/\/www.facebook.com\/Baggio1920","article_modified_time":"2026-01-24T14:45:18+00:00","twitter_card":"summary_large_image","twitter_misc":{"Est. reading time":"1 minute"},"schema":{"@context":"https:\/\/schema.org","@graph":[{"@type":"WebPage","@id":"https:\/\/www.baggio1920.com\/prodotto\/multifort-chronometer-1-racer-edizione-speciale\/","url":"https:\/\/www.baggio1920.com\/prodotto\/multifort-chronometer-1-racer-edizione-speciale\/","name":"Mido | Multifort Chronometer 1 Racer - edizione speciale - Baggio 1920","isPartOf":{"@id":"https:\/\/www.baggio1920.com\/#website"},"primaryImageOfPage":{"@id":"https:\/\/www.baggio1920.com\/prodotto\/multifort-chronometer-1-racer-edizione-speciale\/#primaryimage"},"image":{"@id":"https:\/\/www.baggio1920.com\/prodotto\/multifort-chronometer-1-racer-edizione-speciale\/#primaryimage"},"thumbnailUrl":"https:\/\/www.baggio1920.com\/wp-content\/uploads\/2026\/01\/M038.431.36.051.00_0_front_1.avif","datePublished":"2026-01-24T14:24:22+00:00","dateModified":"2026-01-24T14:45:18+00:00","description":"Il design deciso dell'orologio Multifort Chronometer presenta le c\u00f4tes de Gen\u00e8ve specifiche della collezione. L'orologio sportivo \u00e8 dotato di un esclusivo movimento automatico Calibro 80 SI che \u00e8 arricchito da una spirale in silicio per una precisione e una resistenza ancora pi\u00f9 notevoli.","breadcrumb":{"@id":"https:\/\/www.baggio1920.com\/prodotto\/multifort-chronometer-1-racer-edizione-speciale\/#breadcrumb"},"inLanguage":"en-US","potentialAction":[{"@type":"ReadAction","target":["https:\/\/www.baggio1920.com\/prodotto\/multifort-chronometer-1-racer-edizione-speciale\/"]}]},{"@type":"ImageObject","inLanguage":"en-US","@id":"https:\/\/www.baggio1920.com\/prodotto\/multifort-chronometer-1-racer-edizione-speciale\/#primaryimage","url":"https:\/\/www.baggio1920.com\/wp-content\/uploads\/2026\/01\/M038.431.36.051.00_0_front_1.avif","contentUrl":"https:\/\/www.baggio1920.com\/wp-content\/uploads\/2026\/01\/M038.431.36.051.00_0_front_1.avif","width":1680,"height":1680},{"@type":"BreadcrumbList","@id":"https:\/\/www.baggio1920.com\/prodotto\/multifort-chronometer-1-racer-edizione-speciale\/#breadcrumb","itemListElement":[{"@type":"ListItem","position":1,"name":"Home","item":"https:\/\/www.baggio1920.com\/en\/"},{"@type":"ListItem","position":2,"name":"Shop","item":"https:\/\/www.baggio1920.com\/en\/shop-2\/"},{"@type":"ListItem","position":3,"name":"Multifort Chronometer 1 Racer &#8211; edizione speciale"}]},{"@type":"WebSite","@id":"https:\/\/www.baggio1920.com\/#website","url":"https:\/\/www.baggio1920.com\/","name":"Baggio 1920","description":"","publisher":{"@id":"https:\/\/www.baggio1920.com\/#organization"},"potentialAction":[{"@type":"SearchAction","target":{"@type":"EntryPoint","urlTemplate":"https:\/\/www.baggio1920.com\/?s={search_term_string}"},"query-input":{"@type":"PropertyValueSpecification","valueRequired":true,"valueName":"search_term_string"}}],"inLanguage":"en-US"},{"@type":"Organization","@id":"https:\/\/www.baggio1920.com\/#organization","name":"Baggio 1920","url":"https:\/\/www.baggio1920.com\/","logo":{"@type":"ImageObject","inLanguage":"en-US","@id":"https:\/\/www.baggio1920.com\/#\/schema\/logo\/image\/","url":"https:\/\/www.baggio1920.com\/wp-content\/uploads\/2021\/02\/cropped-logo-1.png","contentUrl":"https:\/\/www.baggio1920.com\/wp-content\/uploads\/2021\/02\/cropped-logo-1.png","width":899,"height":435,"caption":"Baggio 1920"},"image":{"@id":"https:\/\/www.baggio1920.com\/#\/schema\/logo\/image\/"},"sameAs":["https:\/\/www.facebook.com\/Baggio1920","https:\/\/www.instagram.com\/baggio_1920\/"]}]}},"_links":{"self":[{"href":"https:\/\/www.baggio1920.com\/en\/wp-json\/wp\/v2\/product\/56362","targetHints":{"allow":["GET"]}}],"collection":[{"href":"https:\/\/www.baggio1920.com\/en\/wp-json\/wp\/v2\/product"}],"about":[{"href":"https:\/\/www.baggio1920.com\/en\/wp-json\/wp\/v2\/types\/product"}],"wp:featuredmedia":[{"embeddable":true,"href":"https:\/\/www.baggio1920.com\/en\/wp-json\/wp\/v2\/media\/56363"}],"wp:attachment":[{"href":"https:\/\/www.baggio1920.com\/en\/wp-json\/wp\/v2\/media?parent=56362"}],"wp:term":[{"taxonomy":"product_brand","embeddable":true,"href":"https:\/\/www.baggio1920.com\/en\/wp-json\/wp\/v2\/product_brand?post=56362"},{"taxonomy":"product_cat","embeddable":true,"href":"https:\/\/www.baggio1920.com\/en\/wp-json\/wp\/v2\/product_cat?post=56362"},{"taxonomy":"product_tag","embeddable":true,"href":"https:\/\/www.baggio1920.com\/en\/wp-json\/wp\/v2\/product_tag?post=56362"},{"taxonomy":"giftcard-category","embeddable":true,"href":"https:\/\/www.baggio1920.com\/en\/wp-json\/wp\/v2\/giftcard-category?post=56362"}],"curies":[{"name":"wp","href":"https:\/\/api.w.org\/{rel}","templated":true}]}}