{"id":56869,"date":"2026-03-18T16:42:20","date_gmt":"2026-03-18T15:42:20","guid":{"rendered":"https:\/\/www.baggio1920.com\/?post_type=product&#038;p=56869"},"modified":"2026-03-18T16:42:36","modified_gmt":"2026-03-18T15:42:36","slug":"anello-pomellato-together","status":"publish","type":"product","link":"https:\/\/www.baggio1920.com\/en\/prodotto\/anello-pomellato-together\/","title":{"rendered":"Anello Pomellato Together"},"content":{"rendered":"<p>Pomellato Together celebra la bellezza dei legami \u2014 quelle connessioni silenziose e potenti che definiscono ci\u00f2 che siamo. Realizzato in oro rosa, questo anello scultoreo presenta tre fasce indipendenti dal movimento naturalmente dinamico, unite da un elemento centrale fisso illuminato da diamanti bianchi su oro rosa rodiato bianco. L\u2019inconfondibile pav\u00e9 irregolare di Pomellato aggiunge una luminosit\u00e0 intensa, mentre i volumi generosi e raffinati sono rifiniti a mano per garantire la caratteristica morbidezza e comodit\u00e0 della Maison. Indossato come un simbolo moderno o una promessa personale, racchiude il calore dello stare insieme con un\u2019eleganza contemporanea.<\/p>\n","protected":false},"excerpt":{"rendered":"<p>Anello in oro rosa 18K con 98 diamanti bianchi (\u22481 ct) su oro rosa 18K rodiato bianco.<\/p>\n","protected":false},"featured_media":56870,"template":"","meta":{"_acf_changed":false,"inline_featured_image":false},"product_brand":[],"product_cat":[80],"product_tag":[],"giftcard-category":[],"class_list":{"0":"post-56869","1":"product","2":"type-product","3":"status-publish","4":"has-post-thumbnail","6":"product_cat-gioielli","7":"brand-gioielleria","8":"brand-pomellato","10":"first","11":"instock","12":"shipping-taxable","13":"purchasable","14":"product-type-simple","15":"add-to-wishlist-before_image"},"acf":[],"yoast_head":"<!-- This site is optimized with the Yoast SEO plugin v27.4 - https:\/\/yoast.com\/product\/yoast-seo-wordpress\/ -->\n<title>Pomellato | Anello Pomellato Together - Baggio 1920<\/title>\n<meta name=\"description\" content=\"L\u2019inconfondibile pav\u00e9 irregolare di Pomellato aggiunge una luminosit\u00e0 intensa, mentre i volumi generosi e raffinati sono rifiniti a mano per garantire la caratteristica morbidezza e comodit\u00e0 della Maison. Indossato come un simbolo moderno o una promessa personale, racchiude il calore dello stare insieme con un\u2019eleganza contemporanea.\" \/>\n<meta name=\"robots\" content=\"index, follow, max-snippet:-1, max-image-preview:large, max-video-preview:-1\" \/>\n<link rel=\"canonical\" href=\"https:\/\/www.baggio1920.com\/prodotto\/anello-pomellato-together\/\" \/>\n<meta property=\"og:locale\" content=\"en_US\" \/>\n<meta property=\"og:type\" content=\"article\" \/>\n<meta property=\"og:title\" content=\"Pomellato | Anello Pomellato Together - Baggio 1920\" \/>\n<meta property=\"og:description\" content=\"L\u2019inconfondibile pav\u00e9 irregolare di Pomellato aggiunge una luminosit\u00e0 intensa, mentre i volumi generosi e raffinati sono rifiniti a mano per garantire la caratteristica morbidezza e comodit\u00e0 della Maison. Indossato come un simbolo moderno o una promessa personale, racchiude il calore dello stare insieme con un\u2019eleganza contemporanea.\" \/>\n<meta property=\"og:url\" content=\"https:\/\/www.baggio1920.com\/prodotto\/anello-pomellato-together\/\" \/>\n<meta property=\"og:site_name\" content=\"Baggio 1920\" \/>\n<meta property=\"article:publisher\" content=\"https:\/\/www.facebook.com\/Baggio1920\" \/>\n<meta property=\"article:modified_time\" content=\"2026-03-18T15:42:36+00:00\" \/>\n<meta property=\"og:image\" content=\"https:\/\/www.baggio1920.com\/wp-content\/uploads\/2026\/03\/PAC6010_O7WHR_DB000_010-scaled.jpg\" \/>\n\t<meta property=\"og:image:width\" content=\"2560\" \/>\n\t<meta property=\"og:image:height\" content=\"2560\" \/>\n\t<meta property=\"og:image:type\" content=\"image\/jpeg\" \/>\n<meta name=\"twitter:card\" content=\"summary_large_image\" \/>\n<meta name=\"twitter:label1\" content=\"Est. reading time\" \/>\n\t<meta name=\"twitter:data1\" content=\"1 minute\" \/>\n<script type=\"application\/ld+json\" class=\"yoast-schema-graph\">{\"@context\":\"https:\\\/\\\/schema.org\",\"@graph\":[{\"@type\":\"WebPage\",\"@id\":\"https:\\\/\\\/www.baggio1920.com\\\/prodotto\\\/anello-pomellato-together\\\/\",\"url\":\"https:\\\/\\\/www.baggio1920.com\\\/prodotto\\\/anello-pomellato-together\\\/\",\"name\":\"Pomellato | Anello Pomellato Together - Baggio 1920\",\"isPartOf\":{\"@id\":\"https:\\\/\\\/www.baggio1920.com\\\/#website\"},\"primaryImageOfPage\":{\"@id\":\"https:\\\/\\\/www.baggio1920.com\\\/prodotto\\\/anello-pomellato-together\\\/#primaryimage\"},\"image\":{\"@id\":\"https:\\\/\\\/www.baggio1920.com\\\/prodotto\\\/anello-pomellato-together\\\/#primaryimage\"},\"thumbnailUrl\":\"https:\\\/\\\/www.baggio1920.com\\\/wp-content\\\/uploads\\\/2026\\\/03\\\/PAC6010_O7WHR_DB000_010-scaled.jpg\",\"datePublished\":\"2026-03-18T15:42:20+00:00\",\"dateModified\":\"2026-03-18T15:42:36+00:00\",\"description\":\"L\u2019inconfondibile pav\u00e9 irregolare di Pomellato aggiunge una luminosit\u00e0 intensa, mentre i volumi generosi e raffinati sono rifiniti a mano per garantire la caratteristica morbidezza e comodit\u00e0 della Maison. Indossato come un simbolo moderno o una promessa personale, racchiude il calore dello stare insieme con un\u2019eleganza contemporanea.\",\"breadcrumb\":{\"@id\":\"https:\\\/\\\/www.baggio1920.com\\\/prodotto\\\/anello-pomellato-together\\\/#breadcrumb\"},\"inLanguage\":\"en-US\",\"potentialAction\":[{\"@type\":\"ReadAction\",\"target\":[\"https:\\\/\\\/www.baggio1920.com\\\/prodotto\\\/anello-pomellato-together\\\/\"]}]},{\"@type\":\"ImageObject\",\"inLanguage\":\"en-US\",\"@id\":\"https:\\\/\\\/www.baggio1920.com\\\/prodotto\\\/anello-pomellato-together\\\/#primaryimage\",\"url\":\"https:\\\/\\\/www.baggio1920.com\\\/wp-content\\\/uploads\\\/2026\\\/03\\\/PAC6010_O7WHR_DB000_010-scaled.jpg\",\"contentUrl\":\"https:\\\/\\\/www.baggio1920.com\\\/wp-content\\\/uploads\\\/2026\\\/03\\\/PAC6010_O7WHR_DB000_010-scaled.jpg\",\"width\":2560,\"height\":2560},{\"@type\":\"BreadcrumbList\",\"@id\":\"https:\\\/\\\/www.baggio1920.com\\\/prodotto\\\/anello-pomellato-together\\\/#breadcrumb\",\"itemListElement\":[{\"@type\":\"ListItem\",\"position\":1,\"name\":\"Home\",\"item\":\"https:\\\/\\\/www.baggio1920.com\\\/en\\\/\"},{\"@type\":\"ListItem\",\"position\":2,\"name\":\"Shop\",\"item\":\"https:\\\/\\\/www.baggio1920.com\\\/en\\\/shop-2\\\/\"},{\"@type\":\"ListItem\",\"position\":3,\"name\":\"Anello Pomellato Together\"}]},{\"@type\":\"WebSite\",\"@id\":\"https:\\\/\\\/www.baggio1920.com\\\/#website\",\"url\":\"https:\\\/\\\/www.baggio1920.com\\\/\",\"name\":\"Baggio 1920\",\"description\":\"\",\"publisher\":{\"@id\":\"https:\\\/\\\/www.baggio1920.com\\\/#organization\"},\"potentialAction\":[{\"@type\":\"SearchAction\",\"target\":{\"@type\":\"EntryPoint\",\"urlTemplate\":\"https:\\\/\\\/www.baggio1920.com\\\/?s={search_term_string}\"},\"query-input\":{\"@type\":\"PropertyValueSpecification\",\"valueRequired\":true,\"valueName\":\"search_term_string\"}}],\"inLanguage\":\"en-US\"},{\"@type\":\"Organization\",\"@id\":\"https:\\\/\\\/www.baggio1920.com\\\/#organization\",\"name\":\"Baggio 1920\",\"url\":\"https:\\\/\\\/www.baggio1920.com\\\/\",\"logo\":{\"@type\":\"ImageObject\",\"inLanguage\":\"en-US\",\"@id\":\"https:\\\/\\\/www.baggio1920.com\\\/#\\\/schema\\\/logo\\\/image\\\/\",\"url\":\"https:\\\/\\\/www.baggio1920.com\\\/wp-content\\\/uploads\\\/2021\\\/02\\\/cropped-logo-1.png\",\"contentUrl\":\"https:\\\/\\\/www.baggio1920.com\\\/wp-content\\\/uploads\\\/2021\\\/02\\\/cropped-logo-1.png\",\"width\":899,\"height\":435,\"caption\":\"Baggio 1920\"},\"image\":{\"@id\":\"https:\\\/\\\/www.baggio1920.com\\\/#\\\/schema\\\/logo\\\/image\\\/\"},\"sameAs\":[\"https:\\\/\\\/www.facebook.com\\\/Baggio1920\",\"https:\\\/\\\/www.instagram.com\\\/baggio_1920\\\/\"]}]}<\/script>\n<!-- \/ Yoast SEO plugin. -->","yoast_head_json":{"title":"Pomellato | Anello Pomellato Together - Baggio 1920","description":"L\u2019inconfondibile pav\u00e9 irregolare di Pomellato aggiunge una luminosit\u00e0 intensa, mentre i volumi generosi e raffinati sono rifiniti a mano per garantire la caratteristica morbidezza e comodit\u00e0 della Maison. Indossato come un simbolo moderno o una promessa personale, racchiude il calore dello stare insieme con un\u2019eleganza contemporanea.","robots":{"index":"index","follow":"follow","max-snippet":"max-snippet:-1","max-image-preview":"max-image-preview:large","max-video-preview":"max-video-preview:-1"},"canonical":"https:\/\/www.baggio1920.com\/prodotto\/anello-pomellato-together\/","og_locale":"en_US","og_type":"article","og_title":"Pomellato | Anello Pomellato Together - Baggio 1920","og_description":"L\u2019inconfondibile pav\u00e9 irregolare di Pomellato aggiunge una luminosit\u00e0 intensa, mentre i volumi generosi e raffinati sono rifiniti a mano per garantire la caratteristica morbidezza e comodit\u00e0 della Maison. Indossato come un simbolo moderno o una promessa personale, racchiude il calore dello stare insieme con un\u2019eleganza contemporanea.","og_url":"https:\/\/www.baggio1920.com\/prodotto\/anello-pomellato-together\/","og_site_name":"Baggio 1920","article_publisher":"https:\/\/www.facebook.com\/Baggio1920","article_modified_time":"2026-03-18T15:42:36+00:00","og_image":[{"width":2560,"height":2560,"url":"https:\/\/www.baggio1920.com\/wp-content\/uploads\/2026\/03\/PAC6010_O7WHR_DB000_010-scaled.jpg","type":"image\/jpeg"}],"twitter_card":"summary_large_image","twitter_misc":{"Est. reading time":"1 minute"},"schema":{"@context":"https:\/\/schema.org","@graph":[{"@type":"WebPage","@id":"https:\/\/www.baggio1920.com\/prodotto\/anello-pomellato-together\/","url":"https:\/\/www.baggio1920.com\/prodotto\/anello-pomellato-together\/","name":"Pomellato | Anello Pomellato Together - Baggio 1920","isPartOf":{"@id":"https:\/\/www.baggio1920.com\/#website"},"primaryImageOfPage":{"@id":"https:\/\/www.baggio1920.com\/prodotto\/anello-pomellato-together\/#primaryimage"},"image":{"@id":"https:\/\/www.baggio1920.com\/prodotto\/anello-pomellato-together\/#primaryimage"},"thumbnailUrl":"https:\/\/www.baggio1920.com\/wp-content\/uploads\/2026\/03\/PAC6010_O7WHR_DB000_010-scaled.jpg","datePublished":"2026-03-18T15:42:20+00:00","dateModified":"2026-03-18T15:42:36+00:00","description":"L\u2019inconfondibile pav\u00e9 irregolare di Pomellato aggiunge una luminosit\u00e0 intensa, mentre i volumi generosi e raffinati sono rifiniti a mano per garantire la caratteristica morbidezza e comodit\u00e0 della Maison. Indossato come un simbolo moderno o una promessa personale, racchiude il calore dello stare insieme con un\u2019eleganza contemporanea.","breadcrumb":{"@id":"https:\/\/www.baggio1920.com\/prodotto\/anello-pomellato-together\/#breadcrumb"},"inLanguage":"en-US","potentialAction":[{"@type":"ReadAction","target":["https:\/\/www.baggio1920.com\/prodotto\/anello-pomellato-together\/"]}]},{"@type":"ImageObject","inLanguage":"en-US","@id":"https:\/\/www.baggio1920.com\/prodotto\/anello-pomellato-together\/#primaryimage","url":"https:\/\/www.baggio1920.com\/wp-content\/uploads\/2026\/03\/PAC6010_O7WHR_DB000_010-scaled.jpg","contentUrl":"https:\/\/www.baggio1920.com\/wp-content\/uploads\/2026\/03\/PAC6010_O7WHR_DB000_010-scaled.jpg","width":2560,"height":2560},{"@type":"BreadcrumbList","@id":"https:\/\/www.baggio1920.com\/prodotto\/anello-pomellato-together\/#breadcrumb","itemListElement":[{"@type":"ListItem","position":1,"name":"Home","item":"https:\/\/www.baggio1920.com\/en\/"},{"@type":"ListItem","position":2,"name":"Shop","item":"https:\/\/www.baggio1920.com\/en\/shop-2\/"},{"@type":"ListItem","position":3,"name":"Anello Pomellato Together"}]},{"@type":"WebSite","@id":"https:\/\/www.baggio1920.com\/#website","url":"https:\/\/www.baggio1920.com\/","name":"Baggio 1920","description":"","publisher":{"@id":"https:\/\/www.baggio1920.com\/#organization"},"potentialAction":[{"@type":"SearchAction","target":{"@type":"EntryPoint","urlTemplate":"https:\/\/www.baggio1920.com\/?s={search_term_string}"},"query-input":{"@type":"PropertyValueSpecification","valueRequired":true,"valueName":"search_term_string"}}],"inLanguage":"en-US"},{"@type":"Organization","@id":"https:\/\/www.baggio1920.com\/#organization","name":"Baggio 1920","url":"https:\/\/www.baggio1920.com\/","logo":{"@type":"ImageObject","inLanguage":"en-US","@id":"https:\/\/www.baggio1920.com\/#\/schema\/logo\/image\/","url":"https:\/\/www.baggio1920.com\/wp-content\/uploads\/2021\/02\/cropped-logo-1.png","contentUrl":"https:\/\/www.baggio1920.com\/wp-content\/uploads\/2021\/02\/cropped-logo-1.png","width":899,"height":435,"caption":"Baggio 1920"},"image":{"@id":"https:\/\/www.baggio1920.com\/#\/schema\/logo\/image\/"},"sameAs":["https:\/\/www.facebook.com\/Baggio1920","https:\/\/www.instagram.com\/baggio_1920\/"]}]}},"_links":{"self":[{"href":"https:\/\/www.baggio1920.com\/en\/wp-json\/wp\/v2\/product\/56869","targetHints":{"allow":["GET"]}}],"collection":[{"href":"https:\/\/www.baggio1920.com\/en\/wp-json\/wp\/v2\/product"}],"about":[{"href":"https:\/\/www.baggio1920.com\/en\/wp-json\/wp\/v2\/types\/product"}],"wp:featuredmedia":[{"embeddable":true,"href":"https:\/\/www.baggio1920.com\/en\/wp-json\/wp\/v2\/media\/56870"}],"wp:attachment":[{"href":"https:\/\/www.baggio1920.com\/en\/wp-json\/wp\/v2\/media?parent=56869"}],"wp:term":[{"taxonomy":"product_brand","embeddable":true,"href":"https:\/\/www.baggio1920.com\/en\/wp-json\/wp\/v2\/product_brand?post=56869"},{"taxonomy":"product_cat","embeddable":true,"href":"https:\/\/www.baggio1920.com\/en\/wp-json\/wp\/v2\/product_cat?post=56869"},{"taxonomy":"product_tag","embeddable":true,"href":"https:\/\/www.baggio1920.com\/en\/wp-json\/wp\/v2\/product_tag?post=56869"},{"taxonomy":"giftcard-category","embeddable":true,"href":"https:\/\/www.baggio1920.com\/en\/wp-json\/wp\/v2\/giftcard-category?post=56869"}],"curies":[{"name":"wp","href":"https:\/\/api.w.org\/{rel}","templated":true}]}}